{"id":62,"date":"2023-12-19T17:33:05","date_gmt":"2023-12-19T16:33:05","guid":{"rendered":"https:\/\/ecsn-sante-numerique.eu\/?page_id=62"},"modified":"2024-01-12T17:56:39","modified_gmt":"2024-01-12T16:56:39","slug":"mentions-legales","status":"publish","type":"page","link":"https:\/\/ecsn-sante-numerique.eu\/index.php\/mentions-legales\/","title":{"rendered":"Mentions l\u00e9gales"},"content":{"rendered":"\n<h1 class=\"wp-block-heading\"><strong>\u00c9diteur<\/strong><\/h1>\n\n\n\n<p><strong>ECSN &#8211; Euro Campus Sant\u00e9 Num\u00e9rique<\/strong><br>Universit\u00e9 Sorbonne Paris Nord<br>SMBH<br>74 rue Marcel Cachin<br>93000 Bobigny<\/p>\n\n\n\n<p><strong>Directrice de la publication :<\/strong><br>Catherine Duclos<\/p>\n\n\n\n<p>Envoyer un mail<\/p>\n\n\n\n<h1 class=\"wp-block-heading\"><strong>H\u00e9bergeur<\/strong><\/h1>\n\n\n\n<p>OVH<br>Si\u00e8ge social<br>2 rue Kellermann<br>59100 Roubaix \u2013 France<br><a href=\"https:\/\/www.ovh.com\/\" target=\"_blank\" rel=\"noreferrer noopener\">www.ovh.com<\/a><\/p>\n\n\n\n<h1 class=\"wp-block-heading\"><strong>Conception<\/strong><\/h1>\n\n\n\n<p><strong>Webmaster \/ Webdesigner<br>Responsable RGPD<\/strong><br>Fatima D\u00e8me<\/p>\n\n\n\n<p><strong>CONDITIONS D\u2019UTILISATION<\/strong><br><strong>Acc\u00e8s aux contenus et services<\/strong><br>ECSN se r\u00e9serve la possibilit\u00e9 de modification, suspension ou m\u00eame d\u2019interruption de la diffusion de tout ou partie des contenus ou services de ce site.\u00a0ECSN d\u00e9cline par ailleurs toute responsabilit\u00e9 :<br>\u2022\u00a0\u00a0 \u00a0pour toute interruption du site et de ses services<br>\u2022\u00a0\u00a0 \u00a0pour toute survenance de bogues<br>\u2022\u00a0\u00a0 \u00a0pour toute inexactitude ou omission portant sur des informations disponibles sur le site<br>\u2022\u00a0\u00a0 \u00a0pour tout dommage r\u00e9sultant d\u2019une intrusion frauduleuse d\u2019un tiers ayant entra\u00een\u00e9 une modification des informations mises \u00e0 la disposition sur le site et plus g\u00e9n\u00e9ralement de tout dommage direct ou indirect, quelles qu\u2019en soient les causes, origines, natures ou cons\u00e9quences pouvant survenir \u00e0 raison de l\u2019acc\u00e8s de quiconque au site ou de l\u2019impossibilit\u00e9 d\u2019y acc\u00e9der ou du cr\u00e9dit accord\u00e9 \u00e0 une quelconque information provenant directement ou indirectement de ce dernier.<br>\u00a0<br><strong>Respect des droits de propri\u00e9t\u00e9 intellectuelle<\/strong><br>La structure g\u00e9n\u00e9rale ainsi que les logiciels, textes, images anim\u00e9es ou non, son savoir-faire et tous les autres \u00e9l\u00e9ments composant le site sont la propri\u00e9t\u00e9 exclusive de ECSN. Toute repr\u00e9sentation totale ou partielle de ce site par quelle que personne que ce soit, sans l\u2019autorisation expresse de\u00a0ECSN est interdite et constituerait une contrefa\u00e7on sanctionn\u00e9e par les articles L. 335-2 et suivants du Code de la propri\u00e9t\u00e9 intellectuelle. Il en est de m\u00eame des bases de donn\u00e9es figurant, le cas \u00e9ch\u00e9ant sur le site web qui sont prot\u00e9g\u00e9es par les dispositions de la loi du 1er juillet 1998 portant transposition dans le Code de la propri\u00e9t\u00e9 intellectuelle de la directive du 11 mars 1996 relative \u00e0 la protection juridique des bases de donn\u00e9es, et dont\u00a0ECSN est producteur. Les marques de\u00a0ECSN et ses partenaires, ainsi que les logos figurant sur le site sont des marques d\u00e9pos\u00e9es. Toute reproduction totale ou partielle de ces marques ou logos, effectu\u00e9e \u00e0 partir du site sans l\u2019autorisation expresse de ECSN est donc prohib\u00e9e au sens du Code de la propri\u00e9t\u00e9 intellectuelle.\u00a0ECSN ne saurait \u00eatre responsable de l\u2019acc\u00e8s par les utilisateurs via les liens hypertextes mis en place dans le cadre du site internet en direction d\u2019autres ressources pr\u00e9sentes sur le r\u00e9seau. Tout litige en relation avec l\u2019utilisation du site \u00ab <a href=\"https:\/\/ecsn-sante-numerique.eu\">https:\/\/ecsn-sante-numerique.eu<\/a>\u00bb est soumis au droit fran\u00e7ais. L\u2019utilisateur reconna\u00eet la comp\u00e9tence exclusive des tribunaux comp\u00e9tents de Paris.<\/p>\n\n\n\n<p><strong>Liens<\/strong><br>Le site propose des liens vers des sites n\u2019appartenant pas \u00e0 ECSN. Ces sites sont ind\u00e9pendants du pr\u00e9sent site.\u00a0ECSN n\u2019\u00e9dite ni ne contr\u00f4le les sources et contenus de ces sites ou leurs liens avec d\u2019autres sites. Les liens vers ces sites ne constituent en aucune mani\u00e8re une approbation ou validation ou adh\u00e9sion de\u00a0ECSN aux contenus de ces sites.\u00a0ECSN ne saurait d\u00e8s lors \u00eatre tenue pour responsable pour le contenu, les produits, les services, la publicit\u00e9, les cookies ou autres \u00e9l\u00e9ments de ces sites ainsi que pour tous les dommages ou pertes, av\u00e9r\u00e9s ou all\u00e9gu\u00e9s, cons\u00e9cutifs ou en relation avec l\u2019utilisation de ces informations, services ou donn\u00e9es disponibles sur ces sites.<\/p>\n\n\n\n<p><strong>Utilisation des donn\u00e9es personnelles<\/strong><br>Les informations qui vous concernent (nom, pr\u00e9nom, adresse \u00e9lectronique\u2026) sont destin\u00e9es au seul usage de\u00a0ECSN \u00e0 des fins de production et statistiques du site, elles ne sont en aucun cas communiqu\u00e9es \u00e0 des tiers.<br>Vous disposez d\u2019un droit d\u2019acc\u00e8s, de modification, de rectification et de suppression des donn\u00e9es qui vous concernent (art. 34 de la loi \u00ab Informatique et Libert\u00e9s \u00bb du 6 janvier 1978 et la loi RGPD du 20 juin 2018 sur la protection des donn\u00e9es).<\/p>\n\n\n\n<p>Pour l\u2019exercer, adressez-vous \u00e0 :<br>ECSN &#8211; Euro Campus Sant\u00e9 Num\u00e9rique<br>Universit\u00e9 Sorbonne Paris Nord<br>SMBH<br>74 rue Marcel Cachin<br>93000 Bobigny<\/p>\n","protected":false},"excerpt":{"rendered":"<p>\u00c9diteur ECSN &#8211; Euro Campus Sant\u00e9 Num\u00e9riqueUniversit\u00e9 Sorbonne Paris NordSMBH74 rue Marcel Cachin93000 Bobigny Directrice de la publication :Catherine Duclos Envoyer un mail H\u00e9bergeur OVHSi\u00e8ge social2 rue Kellermann59100 Roubaix \u2013 Francewww.ovh.com Conception Webmaster \/ WebdesignerResponsable RGPDFatima D\u00e8me CONDITIONS D\u2019UTILISATIONAcc\u00e8s aux contenus et servicesECSN se r\u00e9serve la possibilit\u00e9 de modification, suspension ou m\u00eame d\u2019interruption de la [&hellip;]<\/p>\n","protected":false},"author":1,"featured_media":0,"parent":0,"menu_order":0,"comment_status":"closed","ping_status":"closed","template":"","meta":{"site-sidebar-layout":"default","site-content-layout":"","ast-site-content-layout":"default","site-content-style":"default","site-sidebar-style":"default","ast-global-header-display":"","ast-banner-title-visibility":"","ast-main-header-display":"","ast-hfb-above-header-display":"","ast-hfb-below-header-display":"","ast-hfb-mobile-header-display":"","site-post-title":"","ast-breadcrumbs-content":"","ast-featured-img":"","footer-sml-layout":"","ast-disable-related-posts":"","theme-transparent-header-meta":"","adv-header-id-meta":"","stick-header-meta":"","header-above-stick-meta":"","header-main-stick-meta":"","header-below-stick-meta":"","astra-migrate-meta-layouts":"default","ast-page-background-enabled":"default","ast-page-background-meta":{"desktop":{"background-color":"var(--ast-global-color-4)","background-image":"","background-repeat":"repeat","background-position":"center center","background-size":"auto","background-attachment":"scroll","background-type":"","background-media":"","overlay-type":"","overlay-color":"","overlay-opacity":"","overlay-gradient":""},"tablet":{"background-color":"","background-image":"","background-repeat":"repeat","background-position":"center center","background-size":"auto","background-attachment":"scroll","background-type":"","background-media":"","overlay-type":"","overlay-color":"","overlay-opacity":"","overlay-gradient":""},"mobile":{"background-color":"","background-image":"","background-repeat":"repeat","background-position":"center center","background-size":"auto","background-attachment":"scroll","background-type":"","background-media":"","overlay-type":"","overlay-color":"","overlay-opacity":"","overlay-gradient":""}},"ast-content-background-meta":{"desktop":{"background-color":"var(--ast-global-color-5)","background-image":"","background-repeat":"repeat","background-position":"center center","background-size":"auto","background-attachment":"scroll","background-type":"","background-media":"","overlay-type":"","overlay-color":"","overlay-opacity":"","overlay-gradient":""},"tablet":{"background-color":"var(--ast-global-color-5)","background-image":"","background-repeat":"repeat","background-position":"center center","background-size":"auto","background-attachment":"scroll","background-type":"","background-media":"","overlay-type":"","overlay-color":"","overlay-opacity":"","overlay-gradient":""},"mobile":{"background-color":"var(--ast-global-color-5)","background-image":"","background-repeat":"repeat","background-position":"center center","background-size":"auto","background-attachment":"scroll","background-type":"","background-media":"","overlay-type":"","overlay-color":"","overlay-opacity":"","overlay-gradient":""}},"footnotes":""},"class_list":["post-62","page","type-page","status-publish","hentry"],"yoast_head":"<!-- This site is optimized with the Yoast SEO plugin v27.3 - https:\/\/yoast.com\/product\/yoast-seo-wordpress\/ -->\n<title>Mentions l\u00e9gales - ECSN Euro Campus Sant\u00e9 Num\u00e9rique<\/title>\n<meta name=\"robots\" content=\"index, follow, max-snippet:-1, max-image-preview:large, max-video-preview:-1\" \/>\n<link rel=\"canonical\" href=\"https:\/\/ecsn-sante-numerique.eu\/index.php\/mentions-legales\/\" \/>\n<meta property=\"og:locale\" content=\"en_US\" \/>\n<meta property=\"og:type\" content=\"article\" \/>\n<meta property=\"og:title\" content=\"Mentions l\u00e9gales - ECSN Euro Campus Sant\u00e9 Num\u00e9rique\" \/>\n<meta property=\"og:description\" content=\"\u00c9diteur ECSN &#8211; Euro Campus Sant\u00e9 Num\u00e9riqueUniversit\u00e9 Sorbonne Paris NordSMBH74 rue Marcel Cachin93000 Bobigny Directrice de la publication :Catherine Duclos Envoyer un mail H\u00e9bergeur OVHSi\u00e8ge social2 rue Kellermann59100 Roubaix \u2013 Francewww.ovh.com Conception Webmaster \/ WebdesignerResponsable RGPDFatima D\u00e8me CONDITIONS D\u2019UTILISATIONAcc\u00e8s aux contenus et servicesECSN se r\u00e9serve la possibilit\u00e9 de modification, suspension ou m\u00eame d\u2019interruption de la [&hellip;]\" \/>\n<meta property=\"og:url\" content=\"https:\/\/ecsn-sante-numerique.eu\/index.php\/mentions-legales\/\" \/>\n<meta property=\"og:site_name\" content=\"ECSN Euro Campus Sant\u00e9 Num\u00e9rique\" \/>\n<meta property=\"article:modified_time\" content=\"2024-01-12T16:56:39+00:00\" \/>\n<meta name=\"twitter:card\" content=\"summary_large_image\" \/>\n<meta name=\"twitter:label1\" content=\"Est. reading time\" \/>\n\t<meta name=\"twitter:data1\" content=\"3 minutes\" \/>\n<script type=\"application\/ld+json\" class=\"yoast-schema-graph\">{\"@context\":\"https:\\\/\\\/schema.org\",\"@graph\":[{\"@type\":\"WebPage\",\"@id\":\"https:\\\/\\\/ecsn-sante-numerique.eu\\\/index.php\\\/mentions-legales\\\/\",\"url\":\"https:\\\/\\\/ecsn-sante-numerique.eu\\\/index.php\\\/mentions-legales\\\/\",\"name\":\"Mentions l\u00e9gales - ECSN Euro Campus Sant\u00e9 Num\u00e9rique\",\"isPartOf\":{\"@id\":\"https:\\\/\\\/ecsn-sante-numerique.eu\\\/#website\"},\"datePublished\":\"2023-12-19T16:33:05+00:00\",\"dateModified\":\"2024-01-12T16:56:39+00:00\",\"breadcrumb\":{\"@id\":\"https:\\\/\\\/ecsn-sante-numerique.eu\\\/index.php\\\/mentions-legales\\\/#breadcrumb\"},\"inLanguage\":\"en-US\",\"potentialAction\":[{\"@type\":\"ReadAction\",\"target\":[\"https:\\\/\\\/ecsn-sante-numerique.eu\\\/index.php\\\/mentions-legales\\\/\"]}]},{\"@type\":\"BreadcrumbList\",\"@id\":\"https:\\\/\\\/ecsn-sante-numerique.eu\\\/index.php\\\/mentions-legales\\\/#breadcrumb\",\"itemListElement\":[{\"@type\":\"ListItem\",\"position\":1,\"name\":\"Accueil\",\"item\":\"https:\\\/\\\/ecsn-sante-numerique.eu\\\/\"},{\"@type\":\"ListItem\",\"position\":2,\"name\":\"Mentions l\u00e9gales\"}]},{\"@type\":\"WebSite\",\"@id\":\"https:\\\/\\\/ecsn-sante-numerique.eu\\\/#website\",\"url\":\"https:\\\/\\\/ecsn-sante-numerique.eu\\\/\",\"name\":\"ECSN Euro Campus Sant\u00e9 Num\u00e9rique\",\"description\":\"La formation interprofessionnelle en Sant\u00e9 Num\u00e9rique\",\"publisher\":{\"@id\":\"https:\\\/\\\/ecsn-sante-numerique.eu\\\/#organization\"},\"potentialAction\":[{\"@type\":\"SearchAction\",\"target\":{\"@type\":\"EntryPoint\",\"urlTemplate\":\"https:\\\/\\\/ecsn-sante-numerique.eu\\\/?s={search_term_string}\"},\"query-input\":{\"@type\":\"PropertyValueSpecification\",\"valueRequired\":true,\"valueName\":\"search_term_string\"}}],\"inLanguage\":\"en-US\"},{\"@type\":\"Organization\",\"@id\":\"https:\\\/\\\/ecsn-sante-numerique.eu\\\/#organization\",\"name\":\"ECSN\",\"alternateName\":\"Sant\u00e9 Num\u00e9rique\",\"url\":\"https:\\\/\\\/ecsn-sante-numerique.eu\\\/\",\"logo\":{\"@type\":\"ImageObject\",\"inLanguage\":\"en-US\",\"@id\":\"https:\\\/\\\/ecsn-sante-numerique.eu\\\/#\\\/schema\\\/logo\\\/image\\\/\",\"url\":\"https:\\\/\\\/i0.wp.com\\\/ecsn-sante-numerique.eu\\\/wp-content\\\/uploads\\\/2023\\\/12\\\/ecsn-logo-180x60px-72dpi.png?fit=180%2C60&ssl=1\",\"contentUrl\":\"https:\\\/\\\/i0.wp.com\\\/ecsn-sante-numerique.eu\\\/wp-content\\\/uploads\\\/2023\\\/12\\\/ecsn-logo-180x60px-72dpi.png?fit=180%2C60&ssl=1\",\"width\":180,\"height\":60,\"caption\":\"ECSN\"},\"image\":{\"@id\":\"https:\\\/\\\/ecsn-sante-numerique.eu\\\/#\\\/schema\\\/logo\\\/image\\\/\"}}]}<\/script>\n<!-- \/ Yoast SEO plugin. -->","yoast_head_json":{"title":"Mentions l\u00e9gales - ECSN Euro Campus Sant\u00e9 Num\u00e9rique","robots":{"index":"index","follow":"follow","max-snippet":"max-snippet:-1","max-image-preview":"max-image-preview:large","max-video-preview":"max-video-preview:-1"},"canonical":"https:\/\/ecsn-sante-numerique.eu\/index.php\/mentions-legales\/","og_locale":"en_US","og_type":"article","og_title":"Mentions l\u00e9gales - ECSN Euro Campus Sant\u00e9 Num\u00e9rique","og_description":"\u00c9diteur ECSN &#8211; Euro Campus Sant\u00e9 Num\u00e9riqueUniversit\u00e9 Sorbonne Paris NordSMBH74 rue Marcel Cachin93000 Bobigny Directrice de la publication :Catherine Duclos Envoyer un mail H\u00e9bergeur OVHSi\u00e8ge social2 rue Kellermann59100 Roubaix \u2013 Francewww.ovh.com Conception Webmaster \/ WebdesignerResponsable RGPDFatima D\u00e8me CONDITIONS D\u2019UTILISATIONAcc\u00e8s aux contenus et servicesECSN se r\u00e9serve la possibilit\u00e9 de modification, suspension ou m\u00eame d\u2019interruption de la [&hellip;]","og_url":"https:\/\/ecsn-sante-numerique.eu\/index.php\/mentions-legales\/","og_site_name":"ECSN Euro Campus Sant\u00e9 Num\u00e9rique","article_modified_time":"2024-01-12T16:56:39+00:00","twitter_card":"summary_large_image","twitter_misc":{"Est. reading time":"3 minutes"},"schema":{"@context":"https:\/\/schema.org","@graph":[{"@type":"WebPage","@id":"https:\/\/ecsn-sante-numerique.eu\/index.php\/mentions-legales\/","url":"https:\/\/ecsn-sante-numerique.eu\/index.php\/mentions-legales\/","name":"Mentions l\u00e9gales - ECSN Euro Campus Sant\u00e9 Num\u00e9rique","isPartOf":{"@id":"https:\/\/ecsn-sante-numerique.eu\/#website"},"datePublished":"2023-12-19T16:33:05+00:00","dateModified":"2024-01-12T16:56:39+00:00","breadcrumb":{"@id":"https:\/\/ecsn-sante-numerique.eu\/index.php\/mentions-legales\/#breadcrumb"},"inLanguage":"en-US","potentialAction":[{"@type":"ReadAction","target":["https:\/\/ecsn-sante-numerique.eu\/index.php\/mentions-legales\/"]}]},{"@type":"BreadcrumbList","@id":"https:\/\/ecsn-sante-numerique.eu\/index.php\/mentions-legales\/#breadcrumb","itemListElement":[{"@type":"ListItem","position":1,"name":"Accueil","item":"https:\/\/ecsn-sante-numerique.eu\/"},{"@type":"ListItem","position":2,"name":"Mentions l\u00e9gales"}]},{"@type":"WebSite","@id":"https:\/\/ecsn-sante-numerique.eu\/#website","url":"https:\/\/ecsn-sante-numerique.eu\/","name":"ECSN Euro Campus Sant\u00e9 Num\u00e9rique","description":"La formation interprofessionnelle en Sant\u00e9 Num\u00e9rique","publisher":{"@id":"https:\/\/ecsn-sante-numerique.eu\/#organization"},"potentialAction":[{"@type":"SearchAction","target":{"@type":"EntryPoint","urlTemplate":"https:\/\/ecsn-sante-numerique.eu\/?s={search_term_string}"},"query-input":{"@type":"PropertyValueSpecification","valueRequired":true,"valueName":"search_term_string"}}],"inLanguage":"en-US"},{"@type":"Organization","@id":"https:\/\/ecsn-sante-numerique.eu\/#organization","name":"ECSN","alternateName":"Sant\u00e9 Num\u00e9rique","url":"https:\/\/ecsn-sante-numerique.eu\/","logo":{"@type":"ImageObject","inLanguage":"en-US","@id":"https:\/\/ecsn-sante-numerique.eu\/#\/schema\/logo\/image\/","url":"https:\/\/i0.wp.com\/ecsn-sante-numerique.eu\/wp-content\/uploads\/2023\/12\/ecsn-logo-180x60px-72dpi.png?fit=180%2C60&ssl=1","contentUrl":"https:\/\/i0.wp.com\/ecsn-sante-numerique.eu\/wp-content\/uploads\/2023\/12\/ecsn-logo-180x60px-72dpi.png?fit=180%2C60&ssl=1","width":180,"height":60,"caption":"ECSN"},"image":{"@id":"https:\/\/ecsn-sante-numerique.eu\/#\/schema\/logo\/image\/"}}]}},"jetpack_sharing_enabled":true,"_links":{"self":[{"href":"https:\/\/ecsn-sante-numerique.eu\/index.php\/wp-json\/wp\/v2\/pages\/62","targetHints":{"allow":["GET"]}}],"collection":[{"href":"https:\/\/ecsn-sante-numerique.eu\/index.php\/wp-json\/wp\/v2\/pages"}],"about":[{"href":"https:\/\/ecsn-sante-numerique.eu\/index.php\/wp-json\/wp\/v2\/types\/page"}],"author":[{"embeddable":true,"href":"https:\/\/ecsn-sante-numerique.eu\/index.php\/wp-json\/wp\/v2\/users\/1"}],"replies":[{"embeddable":true,"href":"https:\/\/ecsn-sante-numerique.eu\/index.php\/wp-json\/wp\/v2\/comments?post=62"}],"version-history":[{"count":3,"href":"https:\/\/ecsn-sante-numerique.eu\/index.php\/wp-json\/wp\/v2\/pages\/62\/revisions"}],"predecessor-version":[{"id":323,"href":"https:\/\/ecsn-sante-numerique.eu\/index.php\/wp-json\/wp\/v2\/pages\/62\/revisions\/323"}],"wp:attachment":[{"href":"https:\/\/ecsn-sante-numerique.eu\/index.php\/wp-json\/wp\/v2\/media?parent=62"}],"curies":[{"name":"wp","href":"https:\/\/api.w.org\/{rel}","templated":true}]}}