{"id":3,"date":"2023-12-15T12:40:33","date_gmt":"2023-12-15T11:40:33","guid":{"rendered":"http:\/\/ecsn-sante-numerique.eu\/?page_id=3"},"modified":"2024-01-15T16:25:22","modified_gmt":"2024-01-15T15:25:22","slug":"politique-de-confidentialite","status":"publish","type":"page","link":"https:\/\/ecsn-sante-numerique.eu\/index.php\/politique-de-confidentialite\/","title":{"rendered":"Politique de confidentialit\u00e9"},"content":{"rendered":"\n<h3 class=\"wp-block-heading\">Qui sommes-nous&nbsp;?<\/h3>\n\n\n\n<p>L\u2019adresse de notre site est&nbsp;: <a href=\"https:\/\/ecsn-sante-numerique.eu\" target=\"_blank\" rel=\"noreferrer noopener\">https:\/\/ecsn-sante-numerique.eu<\/a><\/p>\n\n\n\n<h3 class=\"wp-block-heading\">Commentaires<\/h3>\n\n\n\n<p>Quand vous laissez un commentaire sur notre site, les donn\u00e9es inscrites dans les formulaires, votre adresse IP et l\u2019agent utilisateur de votre navigateur sont collect\u00e9s pour nous aider \u00e0 la d\u00e9tection des commentaires ind\u00e9sirables et malveillants, par mesure de s\u00e9curit\u00e9.<\/p>\n\n\n\n<h3 class=\"wp-block-heading\">M\u00e9dias<\/h3>\n\n\n\n<p>Les images utilis\u00e9es sur ce site sont compos\u00e9es de logotypes r\u00e8glementaires, pictogrammes, images libres de droit&#8230; Les photomontages d&#8217;images sont issues de banques d&#8217;images gratuites telles que Pexels et Unsplash r\u00e9alis\u00e9es par le webmaster du site. Les images d&#8217;articles proviennent de sites internet tiers avec un lien vers les sources d&#8217;origine.<\/p>\n\n\n\n<h3 class=\"wp-block-heading\">Cookies<\/h3>\n\n\n\n<p>Si vous d\u00e9posez un commentaire sur notre site, il vous sera propos\u00e9 d\u2019enregistrer votre nom, adresse e-mail et site dans des cookies. C\u2019est uniquement pour votre confort afin de ne pas avoir \u00e0 saisir ces informations si vous d\u00e9posez un autre commentaire plus tard. Ces cookies expirent au bout d\u2019un an.<\/p>\n\n\n\n<p>Si vous vous rendez sur la page de connexion, un cookie temporaire sera cr\u00e9\u00e9 afin de d\u00e9terminer si votre navigateur accepte les cookies. Il ne contient pas de donn\u00e9es personnelles et sera supprim\u00e9 automatiquement \u00e0 la fermeture de votre navigateur.<\/p>\n\n\n\n<p>Lorsque vous vous connecterez, nous mettrons en place un certain nombre de cookies pour enregistrer vos informations de connexion et vos pr\u00e9f\u00e9rences d\u2019\u00e9cran. La dur\u00e9e de vie d\u2019un cookie de connexion est de deux jours, celle d\u2019un cookie d\u2019option d\u2019\u00e9cran est d\u2019un an. Si vous cochez \u00ab&nbsp;Se souvenir de moi&nbsp;\u00bb, votre cookie de connexion sera conserv\u00e9 pendant deux semaines. Si vous vous d\u00e9connectez de votre compte, le cookie de connexion sera effac\u00e9.<\/p>\n\n\n\n<p>En modifiant ou en publiant une publication, un cookie suppl\u00e9mentaire sera enregistr\u00e9 dans votre navigateur. Ce cookie ne comprend aucune donn\u00e9e personnelle. Il indique simplement l\u2019ID de la publication que vous venez de modifier. Il expire au bout d\u2019un jour.<\/p>\n\n\n\n<h3 class=\"wp-block-heading\">Dur\u00e9es de stockage de vos donn\u00e9es<\/h3>\n\n\n\n<p>Si vous laissez un commentaire, le commentaire et ses m\u00e9tadonn\u00e9es sont conserv\u00e9s ind\u00e9finiment. Cela permet de reconna\u00eetre et approuver automatiquement les commentaires suivants au lieu de les laisser dans la file de mod\u00e9ration.<\/p>\n\n\n\n<p>Pour les comptes qui s\u2019inscrivent sur notre site (le cas \u00e9ch\u00e9ant), nous stockons \u00e9galement les donn\u00e9es personnelles indiqu\u00e9es dans leur profil. Tous les comptes peuvent voir, modifier ou supprimer leurs informations personnelles \u00e0 tout moment (\u00e0 l\u2019exception de leur identifiant). Les gestionnaires du site peuvent aussi voir et modifier ces informations.<\/p>\n\n\n\n<h3 class=\"wp-block-heading\">Les droits que vous avez sur vos donn\u00e9es<\/h3>\n\n\n\n<p>Si vous avez un compte ou si vous avez laiss\u00e9 des commentaires sur le site, vous pouvez demander \u00e0 recevoir un fichier contenant toutes les donn\u00e9es personnelles que nous poss\u00e9dons \u00e0 votre sujet, incluant celles que vous nous avez fournies. Vous pouvez \u00e9galement demander la suppression des donn\u00e9es personnelles vous concernant. Cela ne prend pas en compte les donn\u00e9es stock\u00e9es \u00e0 des fins administratives, l\u00e9gales ou pour des raisons de s\u00e9curit\u00e9.<\/p>\n\n\n\n<h3 class=\"wp-block-heading\">Transmission de vos donn\u00e9es personnelles<\/h3>\n\n\n\n<p>Les commentaires des visiteurs peuvent \u00eatre v\u00e9rifi\u00e9s \u00e0 l\u2019aide d\u2019un service automatis\u00e9 de d\u00e9tection des commentaires ind\u00e9sirables.<\/p>\n","protected":false},"excerpt":{"rendered":"<p>Qui sommes-nous&nbsp;? L\u2019adresse de notre site est&nbsp;: https:\/\/ecsn-sante-numerique.eu Commentaires Quand vous laissez un commentaire sur notre site, les donn\u00e9es inscrites dans les formulaires, votre adresse IP et l\u2019agent utilisateur de votre navigateur sont collect\u00e9s pour nous aider \u00e0 la d\u00e9tection des commentaires ind\u00e9sirables et malveillants, par mesure de s\u00e9curit\u00e9. M\u00e9dias Les images utilis\u00e9es sur ce [&hellip;]<\/p>\n","protected":false},"author":1,"featured_media":0,"parent":0,"menu_order":0,"comment_status":"closed","ping_status":"open","template":"","meta":{"site-sidebar-layout":"default","site-content-layout":"","ast-site-content-layout":"default","site-content-style":"default","site-sidebar-style":"default","ast-global-header-display":"","ast-banner-title-visibility":"","ast-main-header-display":"","ast-hfb-above-header-display":"","ast-hfb-below-header-display":"","ast-hfb-mobile-header-display":"","site-post-title":"","ast-breadcrumbs-content":"","ast-featured-img":"","footer-sml-layout":"","ast-disable-related-posts":"","theme-transparent-header-meta":"","adv-header-id-meta":"","stick-header-meta":"","header-above-stick-meta":"","header-main-stick-meta":"","header-below-stick-meta":"","astra-migrate-meta-layouts":"default","ast-page-background-enabled":"default","ast-page-background-meta":{"desktop":{"background-color":"var(--ast-global-color-4)","background-image":"","background-repeat":"repeat","background-position":"center center","background-size":"auto","background-attachment":"scroll","background-type":"","background-media":"","overlay-type":"","overlay-color":"","overlay-opacity":"","overlay-gradient":""},"tablet":{"background-color":"","background-image":"","background-repeat":"repeat","background-position":"center center","background-size":"auto","background-attachment":"scroll","background-type":"","background-media":"","overlay-type":"","overlay-color":"","overlay-opacity":"","overlay-gradient":""},"mobile":{"background-color":"","background-image":"","background-repeat":"repeat","background-position":"center center","background-size":"auto","background-attachment":"scroll","background-type":"","background-media":"","overlay-type":"","overlay-color":"","overlay-opacity":"","overlay-gradient":""}},"ast-content-background-meta":{"desktop":{"background-color":"var(--ast-global-color-5)","background-image":"","background-repeat":"repeat","background-position":"center center","background-size":"auto","background-attachment":"scroll","background-type":"","background-media":"","overlay-type":"","overlay-color":"","overlay-opacity":"","overlay-gradient":""},"tablet":{"background-color":"var(--ast-global-color-5)","background-image":"","background-repeat":"repeat","background-position":"center center","background-size":"auto","background-attachment":"scroll","background-type":"","background-media":"","overlay-type":"","overlay-color":"","overlay-opacity":"","overlay-gradient":""},"mobile":{"background-color":"var(--ast-global-color-5)","background-image":"","background-repeat":"repeat","background-position":"center center","background-size":"auto","background-attachment":"scroll","background-type":"","background-media":"","overlay-type":"","overlay-color":"","overlay-opacity":"","overlay-gradient":""}},"footnotes":""},"class_list":["post-3","page","type-page","status-publish","hentry"],"yoast_head":"<!-- This site is optimized with the Yoast SEO plugin v27.3 - https:\/\/yoast.com\/product\/yoast-seo-wordpress\/ -->\n<title>Politique de confidentialit\u00e9 - ECSN Euro Campus Sant\u00e9 Num\u00e9rique<\/title>\n<meta name=\"robots\" content=\"index, follow, max-snippet:-1, max-image-preview:large, max-video-preview:-1\" \/>\n<link rel=\"canonical\" href=\"https:\/\/ecsn-sante-numerique.eu\/index.php\/politique-de-confidentialite\/\" \/>\n<meta property=\"og:locale\" content=\"en_US\" \/>\n<meta property=\"og:type\" content=\"article\" \/>\n<meta property=\"og:title\" content=\"Politique de confidentialit\u00e9 - ECSN Euro Campus Sant\u00e9 Num\u00e9rique\" \/>\n<meta property=\"og:description\" content=\"Qui sommes-nous&nbsp;? L\u2019adresse de notre site est&nbsp;: https:\/\/ecsn-sante-numerique.eu Commentaires Quand vous laissez un commentaire sur notre site, les donn\u00e9es inscrites dans les formulaires, votre adresse IP et l\u2019agent utilisateur de votre navigateur sont collect\u00e9s pour nous aider \u00e0 la d\u00e9tection des commentaires ind\u00e9sirables et malveillants, par mesure de s\u00e9curit\u00e9. M\u00e9dias Les images utilis\u00e9es sur ce [&hellip;]\" \/>\n<meta property=\"og:url\" content=\"https:\/\/ecsn-sante-numerique.eu\/index.php\/politique-de-confidentialite\/\" \/>\n<meta property=\"og:site_name\" content=\"ECSN Euro Campus Sant\u00e9 Num\u00e9rique\" \/>\n<meta property=\"article:modified_time\" content=\"2024-01-15T15:25:22+00:00\" \/>\n<meta name=\"twitter:card\" content=\"summary_large_image\" \/>\n<meta name=\"twitter:label1\" content=\"Est. reading time\" \/>\n\t<meta name=\"twitter:data1\" content=\"3 minutes\" \/>\n<script type=\"application\/ld+json\" class=\"yoast-schema-graph\">{\"@context\":\"https:\\\/\\\/schema.org\",\"@graph\":[{\"@type\":\"WebPage\",\"@id\":\"https:\\\/\\\/ecsn-sante-numerique.eu\\\/index.php\\\/politique-de-confidentialite\\\/\",\"url\":\"https:\\\/\\\/ecsn-sante-numerique.eu\\\/index.php\\\/politique-de-confidentialite\\\/\",\"name\":\"Politique de confidentialit\u00e9 - ECSN Euro Campus Sant\u00e9 Num\u00e9rique\",\"isPartOf\":{\"@id\":\"https:\\\/\\\/ecsn-sante-numerique.eu\\\/#website\"},\"datePublished\":\"2023-12-15T11:40:33+00:00\",\"dateModified\":\"2024-01-15T15:25:22+00:00\",\"breadcrumb\":{\"@id\":\"https:\\\/\\\/ecsn-sante-numerique.eu\\\/index.php\\\/politique-de-confidentialite\\\/#breadcrumb\"},\"inLanguage\":\"en-US\",\"potentialAction\":[{\"@type\":\"ReadAction\",\"target\":[\"https:\\\/\\\/ecsn-sante-numerique.eu\\\/index.php\\\/politique-de-confidentialite\\\/\"]}]},{\"@type\":\"BreadcrumbList\",\"@id\":\"https:\\\/\\\/ecsn-sante-numerique.eu\\\/index.php\\\/politique-de-confidentialite\\\/#breadcrumb\",\"itemListElement\":[{\"@type\":\"ListItem\",\"position\":1,\"name\":\"Accueil\",\"item\":\"https:\\\/\\\/ecsn-sante-numerique.eu\\\/\"},{\"@type\":\"ListItem\",\"position\":2,\"name\":\"Politique de confidentialit\u00e9\"}]},{\"@type\":\"WebSite\",\"@id\":\"https:\\\/\\\/ecsn-sante-numerique.eu\\\/#website\",\"url\":\"https:\\\/\\\/ecsn-sante-numerique.eu\\\/\",\"name\":\"ECSN Euro Campus Sant\u00e9 Num\u00e9rique\",\"description\":\"La formation interprofessionnelle en Sant\u00e9 Num\u00e9rique\",\"publisher\":{\"@id\":\"https:\\\/\\\/ecsn-sante-numerique.eu\\\/#organization\"},\"potentialAction\":[{\"@type\":\"SearchAction\",\"target\":{\"@type\":\"EntryPoint\",\"urlTemplate\":\"https:\\\/\\\/ecsn-sante-numerique.eu\\\/?s={search_term_string}\"},\"query-input\":{\"@type\":\"PropertyValueSpecification\",\"valueRequired\":true,\"valueName\":\"search_term_string\"}}],\"inLanguage\":\"en-US\"},{\"@type\":\"Organization\",\"@id\":\"https:\\\/\\\/ecsn-sante-numerique.eu\\\/#organization\",\"name\":\"ECSN\",\"alternateName\":\"Sant\u00e9 Num\u00e9rique\",\"url\":\"https:\\\/\\\/ecsn-sante-numerique.eu\\\/\",\"logo\":{\"@type\":\"ImageObject\",\"inLanguage\":\"en-US\",\"@id\":\"https:\\\/\\\/ecsn-sante-numerique.eu\\\/#\\\/schema\\\/logo\\\/image\\\/\",\"url\":\"https:\\\/\\\/i0.wp.com\\\/ecsn-sante-numerique.eu\\\/wp-content\\\/uploads\\\/2023\\\/12\\\/ecsn-logo-180x60px-72dpi.png?fit=180%2C60&ssl=1\",\"contentUrl\":\"https:\\\/\\\/i0.wp.com\\\/ecsn-sante-numerique.eu\\\/wp-content\\\/uploads\\\/2023\\\/12\\\/ecsn-logo-180x60px-72dpi.png?fit=180%2C60&ssl=1\",\"width\":180,\"height\":60,\"caption\":\"ECSN\"},\"image\":{\"@id\":\"https:\\\/\\\/ecsn-sante-numerique.eu\\\/#\\\/schema\\\/logo\\\/image\\\/\"}}]}<\/script>\n<!-- \/ Yoast SEO plugin. -->","yoast_head_json":{"title":"Politique de confidentialit\u00e9 - ECSN Euro Campus Sant\u00e9 Num\u00e9rique","robots":{"index":"index","follow":"follow","max-snippet":"max-snippet:-1","max-image-preview":"max-image-preview:large","max-video-preview":"max-video-preview:-1"},"canonical":"https:\/\/ecsn-sante-numerique.eu\/index.php\/politique-de-confidentialite\/","og_locale":"en_US","og_type":"article","og_title":"Politique de confidentialit\u00e9 - ECSN Euro Campus Sant\u00e9 Num\u00e9rique","og_description":"Qui sommes-nous&nbsp;? L\u2019adresse de notre site est&nbsp;: https:\/\/ecsn-sante-numerique.eu Commentaires Quand vous laissez un commentaire sur notre site, les donn\u00e9es inscrites dans les formulaires, votre adresse IP et l\u2019agent utilisateur de votre navigateur sont collect\u00e9s pour nous aider \u00e0 la d\u00e9tection des commentaires ind\u00e9sirables et malveillants, par mesure de s\u00e9curit\u00e9. M\u00e9dias Les images utilis\u00e9es sur ce [&hellip;]","og_url":"https:\/\/ecsn-sante-numerique.eu\/index.php\/politique-de-confidentialite\/","og_site_name":"ECSN Euro Campus Sant\u00e9 Num\u00e9rique","article_modified_time":"2024-01-15T15:25:22+00:00","twitter_card":"summary_large_image","twitter_misc":{"Est. reading time":"3 minutes"},"schema":{"@context":"https:\/\/schema.org","@graph":[{"@type":"WebPage","@id":"https:\/\/ecsn-sante-numerique.eu\/index.php\/politique-de-confidentialite\/","url":"https:\/\/ecsn-sante-numerique.eu\/index.php\/politique-de-confidentialite\/","name":"Politique de confidentialit\u00e9 - ECSN Euro Campus Sant\u00e9 Num\u00e9rique","isPartOf":{"@id":"https:\/\/ecsn-sante-numerique.eu\/#website"},"datePublished":"2023-12-15T11:40:33+00:00","dateModified":"2024-01-15T15:25:22+00:00","breadcrumb":{"@id":"https:\/\/ecsn-sante-numerique.eu\/index.php\/politique-de-confidentialite\/#breadcrumb"},"inLanguage":"en-US","potentialAction":[{"@type":"ReadAction","target":["https:\/\/ecsn-sante-numerique.eu\/index.php\/politique-de-confidentialite\/"]}]},{"@type":"BreadcrumbList","@id":"https:\/\/ecsn-sante-numerique.eu\/index.php\/politique-de-confidentialite\/#breadcrumb","itemListElement":[{"@type":"ListItem","position":1,"name":"Accueil","item":"https:\/\/ecsn-sante-numerique.eu\/"},{"@type":"ListItem","position":2,"name":"Politique de confidentialit\u00e9"}]},{"@type":"WebSite","@id":"https:\/\/ecsn-sante-numerique.eu\/#website","url":"https:\/\/ecsn-sante-numerique.eu\/","name":"ECSN Euro Campus Sant\u00e9 Num\u00e9rique","description":"La formation interprofessionnelle en Sant\u00e9 Num\u00e9rique","publisher":{"@id":"https:\/\/ecsn-sante-numerique.eu\/#organization"},"potentialAction":[{"@type":"SearchAction","target":{"@type":"EntryPoint","urlTemplate":"https:\/\/ecsn-sante-numerique.eu\/?s={search_term_string}"},"query-input":{"@type":"PropertyValueSpecification","valueRequired":true,"valueName":"search_term_string"}}],"inLanguage":"en-US"},{"@type":"Organization","@id":"https:\/\/ecsn-sante-numerique.eu\/#organization","name":"ECSN","alternateName":"Sant\u00e9 Num\u00e9rique","url":"https:\/\/ecsn-sante-numerique.eu\/","logo":{"@type":"ImageObject","inLanguage":"en-US","@id":"https:\/\/ecsn-sante-numerique.eu\/#\/schema\/logo\/image\/","url":"https:\/\/i0.wp.com\/ecsn-sante-numerique.eu\/wp-content\/uploads\/2023\/12\/ecsn-logo-180x60px-72dpi.png?fit=180%2C60&ssl=1","contentUrl":"https:\/\/i0.wp.com\/ecsn-sante-numerique.eu\/wp-content\/uploads\/2023\/12\/ecsn-logo-180x60px-72dpi.png?fit=180%2C60&ssl=1","width":180,"height":60,"caption":"ECSN"},"image":{"@id":"https:\/\/ecsn-sante-numerique.eu\/#\/schema\/logo\/image\/"}}]}},"jetpack_sharing_enabled":true,"_links":{"self":[{"href":"https:\/\/ecsn-sante-numerique.eu\/index.php\/wp-json\/wp\/v2\/pages\/3","targetHints":{"allow":["GET"]}}],"collection":[{"href":"https:\/\/ecsn-sante-numerique.eu\/index.php\/wp-json\/wp\/v2\/pages"}],"about":[{"href":"https:\/\/ecsn-sante-numerique.eu\/index.php\/wp-json\/wp\/v2\/types\/page"}],"author":[{"embeddable":true,"href":"https:\/\/ecsn-sante-numerique.eu\/index.php\/wp-json\/wp\/v2\/users\/1"}],"replies":[{"embeddable":true,"href":"https:\/\/ecsn-sante-numerique.eu\/index.php\/wp-json\/wp\/v2\/comments?post=3"}],"version-history":[{"count":3,"href":"https:\/\/ecsn-sante-numerique.eu\/index.php\/wp-json\/wp\/v2\/pages\/3\/revisions"}],"predecessor-version":[{"id":327,"href":"https:\/\/ecsn-sante-numerique.eu\/index.php\/wp-json\/wp\/v2\/pages\/3\/revisions\/327"}],"wp:attachment":[{"href":"https:\/\/ecsn-sante-numerique.eu\/index.php\/wp-json\/wp\/v2\/media?parent=3"}],"curies":[{"name":"wp","href":"https:\/\/api.w.org\/{rel}","templated":true}]}}