{"id":257,"date":"2024-01-09T16:28:46","date_gmt":"2024-01-09T15:28:46","guid":{"rendered":"https:\/\/ecsn-sante-numerique.eu\/?page_id=257"},"modified":"2024-01-09T16:41:35","modified_gmt":"2024-01-09T15:41:35","slug":"referentiel","status":"publish","type":"page","link":"https:\/\/ecsn-sante-numerique.eu\/index.php\/referentiel\/","title":{"rendered":"R\u00e9f\u00e9rentiel"},"content":{"rendered":"\n<div class=\"wp-block-cover alignfull\"><span aria-hidden=\"true\" class=\"wp-block-cover__background has-background-dim-100 has-background-dim has-background-gradient has-blush-light-purple-gradient-background\"><\/span><div class=\"wp-block-cover__inner-container is-layout-flow wp-block-cover-is-layout-flow\">\n<p class=\"has-text-align-center has-text-color has-link-color has-large-font-size wp-elements-2ffbc4b63b992ecaf02c341d74ca4c27\" style=\"color:#70508a\">Le r\u00e9f\u00e9rentiel socle en sant\u00e9 num\u00e9rique<\/p>\n\n\n\n<p class=\"has-text-align-center has-text-color has-link-color wp-elements-09236ca6681053438433672d787ac5e5\" style=\"color:#70508a\">Le r\u00e9f\u00e9rentiel de comp\u00e9tences en Sant\u00e9 Num\u00e9rique constitue le socle du programme de formation con\u00e7us avec les objectifs p\u00e9dagogiques et op\u00e9rationnels suivants :<\/p>\n<\/div><\/div>\n\n\n\n<div class=\"wp-block-columns is-layout-flex wp-container-core-columns-is-layout-28f84493 wp-block-columns-is-layout-flex\">\n<div class=\"wp-block-column is-layout-flow wp-block-column-is-layout-flow\">\n<div class=\"wp-block-columns is-layout-flex wp-container-core-columns-is-layout-28f84493 wp-block-columns-is-layout-flex\">\n<div class=\"wp-block-column is-layout-flow wp-block-column-is-layout-flow\">\n<figure class=\"wp-block-image size-large\"><img data-recalc-dims=\"1\" fetchpriority=\"high\" decoding=\"async\" width=\"1024\" height=\"576\" src=\"https:\/\/i0.wp.com\/ecsn-sante-numerique.eu\/wp-content\/uploads\/2024\/01\/donnees-sante-ppt-2.png?resize=1024%2C576\" alt=\"Donn\u00e9es de sant\u00e9\" class=\"wp-image-143\" srcset=\"https:\/\/i0.wp.com\/ecsn-sante-numerique.eu\/wp-content\/uploads\/2024\/01\/donnees-sante-ppt-2.png?resize=1024%2C576&amp;ssl=1 1024w, https:\/\/i0.wp.com\/ecsn-sante-numerique.eu\/wp-content\/uploads\/2024\/01\/donnees-sante-ppt-2.png?resize=300%2C169&amp;ssl=1 300w, https:\/\/i0.wp.com\/ecsn-sante-numerique.eu\/wp-content\/uploads\/2024\/01\/donnees-sante-ppt-2.png?resize=768%2C432&amp;ssl=1 768w, https:\/\/i0.wp.com\/ecsn-sante-numerique.eu\/wp-content\/uploads\/2024\/01\/donnees-sante-ppt-2.png?w=1489&amp;ssl=1 1489w\" sizes=\"(max-width: 1000px) 100vw, 1000px\" \/><\/figure>\n\n\n\n<h4 class=\"wp-block-heading has-text-align-center has-text-color has-link-color wp-elements-336a7e1c3435025c34a330326c200ebf\" style=\"color:#d12f2f\">1. Donn\u00e9es de sant\u00e9<\/h4>\n\n\n\n<p class=\"has-text-align-center\">Acqu\u00e9rir une culture g\u00e9n\u00e9rale solide sur les donn\u00e9es de sant\u00e9 permettra d\u2019identifier un usager ou professionnel de sant\u00e9, caract\u00e9riser, traiter, acc\u00e9der \u00e0 la donn\u00e9e de sant\u00e9 personnelle et exploiter la donn\u00e9e de sant\u00e9 pour la recherche dans le respect des r\u00e8glementations en vigueur\u2026<br><\/p>\n<\/div>\n\n\n\n<div class=\"wp-block-column is-layout-flow wp-block-column-is-layout-flow\">\n<figure class=\"wp-block-image size-large\"><img data-recalc-dims=\"1\" decoding=\"async\" width=\"1024\" height=\"576\" src=\"https:\/\/i0.wp.com\/ecsn-sante-numerique.eu\/wp-content\/uploads\/2024\/01\/cybersecurite-sante-ppt-2.png?resize=1024%2C576\" alt=\"Cybers\u00e9curit\u00e9 en sant\u00e9\" class=\"wp-image-144\" srcset=\"https:\/\/i0.wp.com\/ecsn-sante-numerique.eu\/wp-content\/uploads\/2024\/01\/cybersecurite-sante-ppt-2.png?resize=1024%2C576&amp;ssl=1 1024w, https:\/\/i0.wp.com\/ecsn-sante-numerique.eu\/wp-content\/uploads\/2024\/01\/cybersecurite-sante-ppt-2.png?resize=300%2C169&amp;ssl=1 300w, https:\/\/i0.wp.com\/ecsn-sante-numerique.eu\/wp-content\/uploads\/2024\/01\/cybersecurite-sante-ppt-2.png?resize=768%2C432&amp;ssl=1 768w, https:\/\/i0.wp.com\/ecsn-sante-numerique.eu\/wp-content\/uploads\/2024\/01\/cybersecurite-sante-ppt-2.png?w=1486&amp;ssl=1 1486w\" sizes=\"(max-width: 1000px) 100vw, 1000px\" \/><\/figure>\n\n\n\n<h4 class=\"wp-block-heading has-text-align-center has-luminous-vivid-orange-color has-text-color has-link-color wp-elements-84d08385913ec9ea77c33475e8717363\">2. Cybers\u00e9curit\u00e9 en sant\u00e9<\/h4>\n\n\n\n<p class=\"has-text-align-center\">Avoir une solide culture g\u00e9n\u00e9rale et une bonne connaissance des r\u00e9f\u00e9rentiels de cybers\u00e9curit\u00e9 donnera des aptitudes techniques pour concevoir, maintenir s\u00e9curis\u00e9 son environnement num\u00e9rique de travail tout en ayant les bonnes pratiques pour r\u00e9agir face aux incidents\u2026<br><\/p>\n<\/div>\n\n\n\n<div class=\"wp-block-column is-layout-flow wp-block-column-is-layout-flow\">\n<figure class=\"wp-block-image size-large\"><img data-recalc-dims=\"1\" decoding=\"async\" width=\"1024\" height=\"575\" src=\"https:\/\/i0.wp.com\/ecsn-sante-numerique.eu\/wp-content\/uploads\/2024\/01\/communication-sante-ppt-2.png?resize=1024%2C575\" alt=\"Communication en sant\u00e9\" class=\"wp-image-145\" srcset=\"https:\/\/i0.wp.com\/ecsn-sante-numerique.eu\/wp-content\/uploads\/2024\/01\/communication-sante-ppt-2.png?resize=1024%2C575&amp;ssl=1 1024w, https:\/\/i0.wp.com\/ecsn-sante-numerique.eu\/wp-content\/uploads\/2024\/01\/communication-sante-ppt-2.png?resize=300%2C169&amp;ssl=1 300w, https:\/\/i0.wp.com\/ecsn-sante-numerique.eu\/wp-content\/uploads\/2024\/01\/communication-sante-ppt-2.png?resize=768%2C431&amp;ssl=1 768w, https:\/\/i0.wp.com\/ecsn-sante-numerique.eu\/wp-content\/uploads\/2024\/01\/communication-sante-ppt-2.png?w=1488&amp;ssl=1 1488w\" sizes=\"(max-width: 1000px) 100vw, 1000px\" \/><\/figure>\n\n\n\n<h4 class=\"wp-block-heading has-text-align-center has-text-color has-link-color wp-elements-7f74dcbfe59d05dc979fa689ce2a9d5a\" style=\"color:#2a897c\">3. Communication en sant\u00e9<\/h4>\n\n\n\n<p class=\"has-text-align-center\">Apprendre \u00e0 communiquer, interagir et traiter l\u2019information avec les moyens de communication num\u00e9rique favorisera une meilleure transmission des informations entre les acteurs de l\u2019\u00e9quipe de soin, les usagers, aidants, accompagnants, institutions et organismes\u2026<br><\/p>\n<\/div>\n<\/div>\n\n\n\n<div class=\"wp-block-columns is-layout-flex wp-container-core-columns-is-layout-28f84493 wp-block-columns-is-layout-flex\">\n<div class=\"wp-block-column is-layout-flow wp-block-column-is-layout-flow\">\n<div class=\"wp-block-columns is-layout-flex wp-container-core-columns-is-layout-28f84493 wp-block-columns-is-layout-flex\">\n<div class=\"wp-block-column is-layout-flow wp-block-column-is-layout-flow\">\n<figure class=\"wp-block-image size-large\"><img data-recalc-dims=\"1\" loading=\"lazy\" decoding=\"async\" width=\"1024\" height=\"575\" src=\"https:\/\/i0.wp.com\/ecsn-sante-numerique.eu\/wp-content\/uploads\/2024\/01\/outils-numeriques-sante-ppt-2.png?resize=1024%2C575\" alt=\"Outils num\u00e9riques en sant\u00e9\" class=\"wp-image-146\" srcset=\"https:\/\/i0.wp.com\/ecsn-sante-numerique.eu\/wp-content\/uploads\/2024\/01\/outils-numeriques-sante-ppt-2.png?resize=1024%2C575&amp;ssl=1 1024w, https:\/\/i0.wp.com\/ecsn-sante-numerique.eu\/wp-content\/uploads\/2024\/01\/outils-numeriques-sante-ppt-2.png?resize=300%2C168&amp;ssl=1 300w, https:\/\/i0.wp.com\/ecsn-sante-numerique.eu\/wp-content\/uploads\/2024\/01\/outils-numeriques-sante-ppt-2.png?resize=768%2C431&amp;ssl=1 768w, https:\/\/i0.wp.com\/ecsn-sante-numerique.eu\/wp-content\/uploads\/2024\/01\/outils-numeriques-sante-ppt-2.png?w=1487&amp;ssl=1 1487w\" sizes=\"(max-width: 1000px) 100vw, 1000px\" \/><\/figure>\n\n\n\n<h4 class=\"wp-block-heading has-text-align-center has-text-color has-link-color wp-elements-a388825e27c5bebb8fd5c8d6dd926900\" style=\"color:#5149a4\">4. Outils num\u00e9riques en sant\u00e9<\/h4>\n\n\n\n<p class=\"has-text-align-center\">Ma\u00eetriser l\u2019utilisation des logiciels m\u00e9tiers, services num\u00e9riques, applications mobiles, dossiers partag\u00e9s, objets connect\u00e9s apportera des comp\u00e9tences techniques mais aussi des comp\u00e9tences transverses telles que l\u2019analyse, la d\u00e9duction, le traitement de l\u2019information en sant\u00e9 num\u00e9rique\u2026<\/p>\n<\/div>\n\n\n\n<div class=\"wp-block-column is-layout-flow wp-block-column-is-layout-flow\">\n<figure class=\"wp-block-image size-large\"><img data-recalc-dims=\"1\" loading=\"lazy\" decoding=\"async\" width=\"1024\" height=\"575\" src=\"https:\/\/i0.wp.com\/ecsn-sante-numerique.eu\/wp-content\/uploads\/2024\/01\/telesante-ppt-2.png?resize=1024%2C575\" alt=\"T\u00e9l\u00e9sant\u00e9\" class=\"wp-image-147\" srcset=\"https:\/\/i0.wp.com\/ecsn-sante-numerique.eu\/wp-content\/uploads\/2024\/01\/telesante-ppt-2.png?resize=1024%2C575&amp;ssl=1 1024w, https:\/\/i0.wp.com\/ecsn-sante-numerique.eu\/wp-content\/uploads\/2024\/01\/telesante-ppt-2.png?resize=300%2C169&amp;ssl=1 300w, https:\/\/i0.wp.com\/ecsn-sante-numerique.eu\/wp-content\/uploads\/2024\/01\/telesante-ppt-2.png?resize=768%2C432&amp;ssl=1 768w, https:\/\/i0.wp.com\/ecsn-sante-numerique.eu\/wp-content\/uploads\/2024\/01\/telesante-ppt-2.png?w=1486&amp;ssl=1 1486w\" sizes=\"(max-width: 1000px) 100vw, 1000px\" \/><\/figure>\n\n\n\n<h4 class=\"wp-block-heading has-text-align-center has-text-color has-link-color wp-elements-bde7c91188d323f50d96add28dfbc468\" style=\"color:#64167e\">5. T\u00e9l\u00e9sant\u00e9<\/h4>\n\n\n\n<p class=\"has-text-align-center\">Conna\u00eetre le cadre, les acteurs, applications de la t\u00e9l\u00e9sant\u00e9 est indispensable pour distinguer et pratiquer selon son m\u00e9tier, la t\u00e9l\u00e9consultation, le t\u00e9l\u00e9soin, la t\u00e9l\u00e9assistance, la t\u00e9l\u00e9surveillance ou la t\u00e9l\u00e9expertise en accompagnant avec bienveillance la patient\u00e8le dans cette nouvelle pratique\u2026<\/p>\n<\/div>\n\n\n\n<div class=\"wp-block-column is-layout-flow wp-block-column-is-layout-flow\">\n<figure class=\"wp-block-image size-full\"><img data-recalc-dims=\"1\" loading=\"lazy\" decoding=\"async\" width=\"312\" height=\"162\" src=\"https:\/\/i0.wp.com\/ecsn-sante-numerique.eu\/wp-content\/uploads\/2024\/01\/pix-plus-ps-logo.png?resize=312%2C162\" alt=\"\" class=\"wp-image-150\" srcset=\"https:\/\/i0.wp.com\/ecsn-sante-numerique.eu\/wp-content\/uploads\/2024\/01\/pix-plus-ps-logo.png?w=312&amp;ssl=1 312w, https:\/\/i0.wp.com\/ecsn-sante-numerique.eu\/wp-content\/uploads\/2024\/01\/pix-plus-ps-logo.png?resize=300%2C156&amp;ssl=1 300w\" sizes=\"(max-width: 312px) 100vw, 312px\" \/><\/figure>\n\n\n\n<h4 class=\"wp-block-heading has-vivid-cyan-blue-color has-text-color has-link-color wp-elements-1bde4f2a563a9599791a58cfd7252c93\">+ Option de certification <br>PIX+ Professionnels de sant\u00e9<\/h4>\n\n\n\n<p class=\"has-text-align-center\">PIX+ PS est un certificat de validation officielle des comp\u00e9tences num\u00e9riques des professionnels de sant\u00e9.<br>En formation initiale et continue, les \u00e9tudiants comme les praticiens b\u00e9n\u00e9ficient d\u2019une option de certification PIX+ PS, en avant-premi\u00e8re !<\/p>\n<\/div>\n<\/div>\n\n\n\n<div class=\"wp-block-buttons is-content-justification-center is-layout-flex wp-container-core-buttons-is-layout-a89b3969 wp-block-buttons-is-layout-flex\">\n<div class=\"wp-block-button\"><a class=\"wp-block-button__link has-ast-global-color-5-color has-vivid-purple-background-color has-text-color has-background has-link-color wp-element-button\" href=\"https:\/\/ecsn-sante-numerique.eu\/wp-content\/uploads\/2024\/01\/Referentiel-de-competences-numerique-en-sante.pdf\" target=\"_blank\" rel=\"noreferrer noopener\">T\u00e9l\u00e9charger le r\u00e9f\u00e9rentiel de comp\u00e9tences en sant\u00e9 num\u00e9rique<\/a><\/div>\n<\/div>\n<\/div>\n<\/div>\n<\/div>\n<\/div>\n","protected":false},"excerpt":{"rendered":"","protected":false},"author":1,"featured_media":0,"parent":0,"menu_order":0,"comment_status":"closed","ping_status":"closed","template":"","meta":{"site-sidebar-layout":"default","site-content-layout":"","ast-site-content-layout":"default","site-content-style":"default","site-sidebar-style":"default","ast-global-header-display":"","ast-banner-title-visibility":"","ast-main-header-display":"","ast-hfb-above-header-display":"","ast-hfb-below-header-display":"","ast-hfb-mobile-header-display":"","site-post-title":"disabled","ast-breadcrumbs-content":"","ast-featured-img":"","footer-sml-layout":"","ast-disable-related-posts":"","theme-transparent-header-meta":"","adv-header-id-meta":"","stick-header-meta":"","header-above-stick-meta":"","header-main-stick-meta":"","header-below-stick-meta":"","astra-migrate-meta-layouts":"default","ast-page-background-enabled":"default","ast-page-background-meta":{"desktop":{"background-color":"var(--ast-global-color-4)","background-image":"","background-repeat":"repeat","background-position":"center center","background-size":"auto","background-attachment":"scroll","background-type":"","background-media":"","overlay-type":"","overlay-color":"","overlay-opacity":"","overlay-gradient":""},"tablet":{"background-color":"","background-image":"","background-repeat":"repeat","background-position":"center center","background-size":"auto","background-attachment":"scroll","background-type":"","background-media":"","overlay-type":"","overlay-color":"","overlay-opacity":"","overlay-gradient":""},"mobile":{"background-color":"","background-image":"","background-repeat":"repeat","background-position":"center center","background-size":"auto","background-attachment":"scroll","background-type":"","background-media":"","overlay-type":"","overlay-color":"","overlay-opacity":"","overlay-gradient":""}},"ast-content-background-meta":{"desktop":{"background-color":"var(--ast-global-color-5)","background-image":"","background-repeat":"repeat","background-position":"center center","background-size":"auto","background-attachment":"scroll","background-type":"","background-media":"","overlay-type":"","overlay-color":"","overlay-opacity":"","overlay-gradient":""},"tablet":{"background-color":"var(--ast-global-color-5)","background-image":"","background-repeat":"repeat","background-position":"center center","background-size":"auto","background-attachment":"scroll","background-type":"","background-media":"","overlay-type":"","overlay-color":"","overlay-opacity":"","overlay-gradient":""},"mobile":{"background-color":"var(--ast-global-color-5)","background-image":"","background-repeat":"repeat","background-position":"center center","background-size":"auto","background-attachment":"scroll","background-type":"","background-media":"","overlay-type":"","overlay-color":"","overlay-opacity":"","overlay-gradient":""}},"footnotes":""},"class_list":["post-257","page","type-page","status-publish","hentry"],"yoast_head":"<!-- This site is optimized with the Yoast SEO plugin v27.4 - https:\/\/yoast.com\/product\/yoast-seo-wordpress\/ -->\n<title>R\u00e9f\u00e9rentiel - ECSN Euro Campus Sant\u00e9 Num\u00e9rique<\/title>\n<meta name=\"robots\" content=\"index, follow, max-snippet:-1, max-image-preview:large, max-video-preview:-1\" \/>\n<link rel=\"canonical\" href=\"https:\/\/ecsn-sante-numerique.eu\/index.php\/referentiel\/\" \/>\n<meta property=\"og:locale\" content=\"en_US\" \/>\n<meta property=\"og:type\" content=\"article\" \/>\n<meta property=\"og:title\" content=\"R\u00e9f\u00e9rentiel - ECSN Euro Campus Sant\u00e9 Num\u00e9rique\" \/>\n<meta property=\"og:url\" content=\"https:\/\/ecsn-sante-numerique.eu\/index.php\/referentiel\/\" \/>\n<meta property=\"og:site_name\" content=\"ECSN Euro Campus Sant\u00e9 Num\u00e9rique\" \/>\n<meta property=\"article:modified_time\" content=\"2024-01-09T15:41:35+00:00\" \/>\n<meta name=\"twitter:card\" content=\"summary_large_image\" \/>\n<script type=\"application\/ld+json\" class=\"yoast-schema-graph\">{\"@context\":\"https:\\\/\\\/schema.org\",\"@graph\":[{\"@type\":\"WebPage\",\"@id\":\"https:\\\/\\\/ecsn-sante-numerique.eu\\\/index.php\\\/referentiel\\\/\",\"url\":\"https:\\\/\\\/ecsn-sante-numerique.eu\\\/index.php\\\/referentiel\\\/\",\"name\":\"R\u00e9f\u00e9rentiel - ECSN Euro Campus Sant\u00e9 Num\u00e9rique\",\"isPartOf\":{\"@id\":\"https:\\\/\\\/ecsn-sante-numerique.eu\\\/#website\"},\"datePublished\":\"2024-01-09T15:28:46+00:00\",\"dateModified\":\"2024-01-09T15:41:35+00:00\",\"breadcrumb\":{\"@id\":\"https:\\\/\\\/ecsn-sante-numerique.eu\\\/index.php\\\/referentiel\\\/#breadcrumb\"},\"inLanguage\":\"en-US\",\"potentialAction\":[{\"@type\":\"ReadAction\",\"target\":[\"https:\\\/\\\/ecsn-sante-numerique.eu\\\/index.php\\\/referentiel\\\/\"]}]},{\"@type\":\"BreadcrumbList\",\"@id\":\"https:\\\/\\\/ecsn-sante-numerique.eu\\\/index.php\\\/referentiel\\\/#breadcrumb\",\"itemListElement\":[{\"@type\":\"ListItem\",\"position\":1,\"name\":\"Accueil\",\"item\":\"https:\\\/\\\/ecsn-sante-numerique.eu\\\/\"},{\"@type\":\"ListItem\",\"position\":2,\"name\":\"R\u00e9f\u00e9rentiel\"}]},{\"@type\":\"WebSite\",\"@id\":\"https:\\\/\\\/ecsn-sante-numerique.eu\\\/#website\",\"url\":\"https:\\\/\\\/ecsn-sante-numerique.eu\\\/\",\"name\":\"ECSN Euro Campus Sant\u00e9 Num\u00e9rique\",\"description\":\"La formation interprofessionnelle en Sant\u00e9 Num\u00e9rique\",\"publisher\":{\"@id\":\"https:\\\/\\\/ecsn-sante-numerique.eu\\\/#organization\"},\"potentialAction\":[{\"@type\":\"SearchAction\",\"target\":{\"@type\":\"EntryPoint\",\"urlTemplate\":\"https:\\\/\\\/ecsn-sante-numerique.eu\\\/?s={search_term_string}\"},\"query-input\":{\"@type\":\"PropertyValueSpecification\",\"valueRequired\":true,\"valueName\":\"search_term_string\"}}],\"inLanguage\":\"en-US\"},{\"@type\":\"Organization\",\"@id\":\"https:\\\/\\\/ecsn-sante-numerique.eu\\\/#organization\",\"name\":\"ECSN\",\"alternateName\":\"Sant\u00e9 Num\u00e9rique\",\"url\":\"https:\\\/\\\/ecsn-sante-numerique.eu\\\/\",\"logo\":{\"@type\":\"ImageObject\",\"inLanguage\":\"en-US\",\"@id\":\"https:\\\/\\\/ecsn-sante-numerique.eu\\\/#\\\/schema\\\/logo\\\/image\\\/\",\"url\":\"https:\\\/\\\/i0.wp.com\\\/ecsn-sante-numerique.eu\\\/wp-content\\\/uploads\\\/2023\\\/12\\\/ecsn-logo-180x60px-72dpi.png?fit=180%2C60&ssl=1\",\"contentUrl\":\"https:\\\/\\\/i0.wp.com\\\/ecsn-sante-numerique.eu\\\/wp-content\\\/uploads\\\/2023\\\/12\\\/ecsn-logo-180x60px-72dpi.png?fit=180%2C60&ssl=1\",\"width\":180,\"height\":60,\"caption\":\"ECSN\"},\"image\":{\"@id\":\"https:\\\/\\\/ecsn-sante-numerique.eu\\\/#\\\/schema\\\/logo\\\/image\\\/\"}}]}<\/script>\n<!-- \/ Yoast SEO plugin. -->","yoast_head_json":{"title":"R\u00e9f\u00e9rentiel - ECSN Euro Campus Sant\u00e9 Num\u00e9rique","robots":{"index":"index","follow":"follow","max-snippet":"max-snippet:-1","max-image-preview":"max-image-preview:large","max-video-preview":"max-video-preview:-1"},"canonical":"https:\/\/ecsn-sante-numerique.eu\/index.php\/referentiel\/","og_locale":"en_US","og_type":"article","og_title":"R\u00e9f\u00e9rentiel - ECSN Euro Campus Sant\u00e9 Num\u00e9rique","og_url":"https:\/\/ecsn-sante-numerique.eu\/index.php\/referentiel\/","og_site_name":"ECSN Euro Campus Sant\u00e9 Num\u00e9rique","article_modified_time":"2024-01-09T15:41:35+00:00","twitter_card":"summary_large_image","schema":{"@context":"https:\/\/schema.org","@graph":[{"@type":"WebPage","@id":"https:\/\/ecsn-sante-numerique.eu\/index.php\/referentiel\/","url":"https:\/\/ecsn-sante-numerique.eu\/index.php\/referentiel\/","name":"R\u00e9f\u00e9rentiel - ECSN Euro Campus Sant\u00e9 Num\u00e9rique","isPartOf":{"@id":"https:\/\/ecsn-sante-numerique.eu\/#website"},"datePublished":"2024-01-09T15:28:46+00:00","dateModified":"2024-01-09T15:41:35+00:00","breadcrumb":{"@id":"https:\/\/ecsn-sante-numerique.eu\/index.php\/referentiel\/#breadcrumb"},"inLanguage":"en-US","potentialAction":[{"@type":"ReadAction","target":["https:\/\/ecsn-sante-numerique.eu\/index.php\/referentiel\/"]}]},{"@type":"BreadcrumbList","@id":"https:\/\/ecsn-sante-numerique.eu\/index.php\/referentiel\/#breadcrumb","itemListElement":[{"@type":"ListItem","position":1,"name":"Accueil","item":"https:\/\/ecsn-sante-numerique.eu\/"},{"@type":"ListItem","position":2,"name":"R\u00e9f\u00e9rentiel"}]},{"@type":"WebSite","@id":"https:\/\/ecsn-sante-numerique.eu\/#website","url":"https:\/\/ecsn-sante-numerique.eu\/","name":"ECSN Euro Campus Sant\u00e9 Num\u00e9rique","description":"La formation interprofessionnelle en Sant\u00e9 Num\u00e9rique","publisher":{"@id":"https:\/\/ecsn-sante-numerique.eu\/#organization"},"potentialAction":[{"@type":"SearchAction","target":{"@type":"EntryPoint","urlTemplate":"https:\/\/ecsn-sante-numerique.eu\/?s={search_term_string}"},"query-input":{"@type":"PropertyValueSpecification","valueRequired":true,"valueName":"search_term_string"}}],"inLanguage":"en-US"},{"@type":"Organization","@id":"https:\/\/ecsn-sante-numerique.eu\/#organization","name":"ECSN","alternateName":"Sant\u00e9 Num\u00e9rique","url":"https:\/\/ecsn-sante-numerique.eu\/","logo":{"@type":"ImageObject","inLanguage":"en-US","@id":"https:\/\/ecsn-sante-numerique.eu\/#\/schema\/logo\/image\/","url":"https:\/\/i0.wp.com\/ecsn-sante-numerique.eu\/wp-content\/uploads\/2023\/12\/ecsn-logo-180x60px-72dpi.png?fit=180%2C60&ssl=1","contentUrl":"https:\/\/i0.wp.com\/ecsn-sante-numerique.eu\/wp-content\/uploads\/2023\/12\/ecsn-logo-180x60px-72dpi.png?fit=180%2C60&ssl=1","width":180,"height":60,"caption":"ECSN"},"image":{"@id":"https:\/\/ecsn-sante-numerique.eu\/#\/schema\/logo\/image\/"}}]}},"jetpack_sharing_enabled":true,"_links":{"self":[{"href":"https:\/\/ecsn-sante-numerique.eu\/index.php\/wp-json\/wp\/v2\/pages\/257","targetHints":{"allow":["GET"]}}],"collection":[{"href":"https:\/\/ecsn-sante-numerique.eu\/index.php\/wp-json\/wp\/v2\/pages"}],"about":[{"href":"https:\/\/ecsn-sante-numerique.eu\/index.php\/wp-json\/wp\/v2\/types\/page"}],"author":[{"embeddable":true,"href":"https:\/\/ecsn-sante-numerique.eu\/index.php\/wp-json\/wp\/v2\/users\/1"}],"replies":[{"embeddable":true,"href":"https:\/\/ecsn-sante-numerique.eu\/index.php\/wp-json\/wp\/v2\/comments?post=257"}],"version-history":[{"count":5,"href":"https:\/\/ecsn-sante-numerique.eu\/index.php\/wp-json\/wp\/v2\/pages\/257\/revisions"}],"predecessor-version":[{"id":269,"href":"https:\/\/ecsn-sante-numerique.eu\/index.php\/wp-json\/wp\/v2\/pages\/257\/revisions\/269"}],"wp:attachment":[{"href":"https:\/\/ecsn-sante-numerique.eu\/index.php\/wp-json\/wp\/v2\/media?parent=257"}],"curies":[{"name":"wp","href":"https:\/\/api.w.org\/{rel}","templated":true}]}}