{"id":125,"date":"2024-01-04T17:44:50","date_gmt":"2024-01-04T16:44:50","guid":{"rendered":"https:\/\/ecsn-sante-numerique.eu\/?page_id=125"},"modified":"2024-01-09T17:08:14","modified_gmt":"2024-01-09T16:08:14","slug":"actualites","status":"publish","type":"page","link":"https:\/\/ecsn-sante-numerique.eu\/index.php\/actualites\/","title":{"rendered":"Actualit\u00e9s"},"content":{"rendered":"\n<div class=\"wp-block-query alignfull is-layout-flow wp-block-query-is-layout-flow\">\n<div class=\"wp-block-group alignfull is-layout-flow wp-block-group-is-layout-flow\" style=\"padding-top:0;padding-right:0;padding-bottom:0;padding-left:0\"><ul style=\"text-transform:none;\" class=\"wp-block-post-template is-layout-flow wp-block-post-template-is-layout-flow\"><li class=\"wp-block-post post-219 post type-post status-publish format-status has-post-thumbnail hentry category-actualite category-evenement tag-ami-sante-numerique tag-education tag-grand-amphitheatre-de-la-sorbonne tag-ministres-delegues-a-leducation tag-nouveaux-projets-laureats tag-prix tag-sante-numerique post_format-post-format-status\">\n\n<div class=\"wp-block-group is-layout-flow wp-block-group-is-layout-flow\" style=\"border-bottom-color:var(--wp--preset--color--contrast);border-bottom-width:1px\">\n<div class=\"wp-block-group is-content-justification-space-between is-nowrap is-layout-flex wp-container-core-group-is-layout-dd9de04e wp-block-group-is-layout-flex\" style=\"padding-top:16px;padding-right:16px;padding-bottom:16px;padding-left:16px\">\n<div class=\"wp-block-group is-nowrap is-layout-flex wp-container-core-group-is-layout-89a94f6a wp-block-group-is-layout-flex\">\n<p>\u2734\ufe0e<\/p>\n\n\n<div style=\"text-transform:uppercase; margin-top:0;margin-right:0;margin-bottom:0;margin-left:0;\" class=\"has-text-align-left has-link-color wp-elements-4003f76eccbf507a9e3d7e84a42ea154 wp-block-post-date has-text-color has-contrast-color has-small-font-size\"><time datetime=\"2023-12-19T14:52:42+01:00\">Dec 19, 2023<\/time><\/div><\/div>\n\n\n<div style=\"text-transform:uppercase\" class=\"taxonomy-category has-link-color wp-elements-d846021732facad792835971f80af878 wp-block-post-terms has-text-color has-contrast-color\"><span class=\"wp-block-post-terms__prefix\">\u2734\ufe0e <\/span><a href=\"https:\/\/ecsn-sante-numerique.eu\/index.php\/category\/actualite\/\" rel=\"tag\">Actualit\u00e9<\/a><span class=\"wp-block-post-terms__separator\">, <\/span><a href=\"https:\/\/ecsn-sante-numerique.eu\/index.php\/category\/evenement\/\" rel=\"tag\">Ev\u00e8nement<\/a><\/div><\/div>\n<\/div>\n\n\n\n<div class=\"wp-block-group is-vertical is-layout-flex wp-container-core-group-is-layout-4bcb09c9 wp-block-group-is-layout-flex\" style=\"padding-top:16px;padding-right:16px;padding-bottom:var(--wp--preset--spacing--70);padding-left:16px\"><h2 style=\"font-size:5.2rem;font-style:normal;font-weight:500;line-height:1.1;text-transform:uppercase; margin-top:0;margin-right:0;margin-bottom:0;margin-left:0;\" class=\"has-link-color wp-elements-eba6f7f6e0a9160611aa886fe4e31449 wp-block-post-title has-text-color has-contrast-color\"><a href=\"https:\/\/ecsn-sante-numerique.eu\/index.php\/2023\/12\/19\/journee-competences-des-metiers-davenir\/\" target=\"_self\" >Journ\u00e9e CMA 2023<\/a><\/h2><\/div>\n\n<\/li><li class=\"wp-block-post post-232 post type-post status-publish format-standard has-post-thumbnail hentry category-actualite category-salon tag-ami-sante-numerique tag-education tag-jeux-serieux tag-medecine tag-salon tag-sante-numerique tag-serious-game tag-simulation-sante\">\n\n<div class=\"wp-block-group is-layout-flow wp-block-group-is-layout-flow\" style=\"border-bottom-color:var(--wp--preset--color--contrast);border-bottom-width:1px\">\n<div class=\"wp-block-group is-content-justification-space-between is-nowrap is-layout-flex wp-container-core-group-is-layout-dd9de04e wp-block-group-is-layout-flex\" style=\"padding-top:16px;padding-right:16px;padding-bottom:16px;padding-left:16px\">\n<div class=\"wp-block-group is-nowrap is-layout-flex wp-container-core-group-is-layout-89a94f6a wp-block-group-is-layout-flex\">\n<p>\u2734\ufe0e<\/p>\n\n\n<div style=\"text-transform:uppercase; margin-top:0;margin-right:0;margin-bottom:0;margin-left:0;\" class=\"has-text-align-left has-link-color wp-elements-4003f76eccbf507a9e3d7e84a42ea154 wp-block-post-date has-text-color has-contrast-color has-small-font-size\"><time datetime=\"2023-11-29T15:07:43+01:00\">Nov 29, 2023<\/time><\/div><\/div>\n\n\n<div style=\"text-transform:uppercase\" class=\"taxonomy-category has-link-color wp-elements-d846021732facad792835971f80af878 wp-block-post-terms has-text-color has-contrast-color\"><span class=\"wp-block-post-terms__prefix\">\u2734\ufe0e <\/span><a href=\"https:\/\/ecsn-sante-numerique.eu\/index.php\/category\/actualite\/\" rel=\"tag\">Actualit\u00e9<\/a><span class=\"wp-block-post-terms__separator\">, <\/span><a href=\"https:\/\/ecsn-sante-numerique.eu\/index.php\/category\/salon\/\" rel=\"tag\">Salon<\/a><\/div><\/div>\n<\/div>\n\n\n\n<div class=\"wp-block-group is-vertical is-layout-flex wp-container-core-group-is-layout-4bcb09c9 wp-block-group-is-layout-flex\" style=\"padding-top:16px;padding-right:16px;padding-bottom:var(--wp--preset--spacing--70);padding-left:16px\"><h2 style=\"font-size:5.2rem;font-style:normal;font-weight:500;line-height:1.1;text-transform:uppercase; margin-top:0;margin-right:0;margin-bottom:0;margin-left:0;\" class=\"has-link-color wp-elements-eba6f7f6e0a9160611aa886fe4e31449 wp-block-post-title has-text-color has-contrast-color\"><a href=\"https:\/\/ecsn-sante-numerique.eu\/index.php\/2023\/11\/29\/salon-segamed\/\" target=\"_self\" >Salon SEGAMED 2023<\/a><\/h2><\/div>\n\n<\/li><\/ul><\/div>\n\n\n\n<div class=\"wp-block-group is-layout-flow wp-block-group-is-layout-flow\" style=\"margin-top:0;margin-bottom:0;padding-top:var(--wp--preset--spacing--30);padding-right:16px;padding-bottom:var(--wp--preset--spacing--30);padding-left:16px\"><\/div>\n<\/div>\n\n\n<ul class=\"wp-block-latest-posts__list wp-block-latest-posts\"><li><a class=\"wp-block-latest-posts__post-title\" href=\"https:\/\/ecsn-sante-numerique.eu\/index.php\/2023\/12\/19\/journee-competences-des-metiers-davenir\/\">Journ\u00e9e CMA 2023<\/a><\/li>\n<li><a class=\"wp-block-latest-posts__post-title\" href=\"https:\/\/ecsn-sante-numerique.eu\/index.php\/2023\/11\/29\/salon-segamed\/\">Salon SEGAMED 2023<\/a><\/li>\n<\/ul>","protected":false},"excerpt":{"rendered":"","protected":false},"author":1,"featured_media":0,"parent":0,"menu_order":0,"comment_status":"closed","ping_status":"closed","template":"","meta":{"site-sidebar-layout":"default","site-content-layout":"","ast-site-content-layout":"default","site-content-style":"default","site-sidebar-style":"default","ast-global-header-display":"","ast-banner-title-visibility":"","ast-main-header-display":"","ast-hfb-above-header-display":"","ast-hfb-below-header-display":"","ast-hfb-mobile-header-display":"","site-post-title":"","ast-breadcrumbs-content":"","ast-featured-img":"","footer-sml-layout":"","ast-disable-related-posts":"","theme-transparent-header-meta":"","adv-header-id-meta":"","stick-header-meta":"","header-above-stick-meta":"","header-main-stick-meta":"","header-below-stick-meta":"","astra-migrate-meta-layouts":"default","ast-page-background-enabled":"default","ast-page-background-meta":{"desktop":{"background-color":"var(--ast-global-color-4)","background-image":"","background-repeat":"repeat","background-position":"center center","background-size":"auto","background-attachment":"scroll","background-type":"","background-media":"","overlay-type":"","overlay-color":"","overlay-opacity":"","overlay-gradient":""},"tablet":{"background-color":"","background-image":"","background-repeat":"repeat","background-position":"center center","background-size":"auto","background-attachment":"scroll","background-type":"","background-media":"","overlay-type":"","overlay-color":"","overlay-opacity":"","overlay-gradient":""},"mobile":{"background-color":"","background-image":"","background-repeat":"repeat","background-position":"center center","background-size":"auto","background-attachment":"scroll","background-type":"","background-media":"","overlay-type":"","overlay-color":"","overlay-opacity":"","overlay-gradient":""}},"ast-content-background-meta":{"desktop":{"background-color":"var(--ast-global-color-5)","background-image":"","background-repeat":"repeat","background-position":"center center","background-size":"auto","background-attachment":"scroll","background-type":"","background-media":"","overlay-type":"","overlay-color":"","overlay-opacity":"","overlay-gradient":""},"tablet":{"background-color":"var(--ast-global-color-5)","background-image":"","background-repeat":"repeat","background-position":"center center","background-size":"auto","background-attachment":"scroll","background-type":"","background-media":"","overlay-type":"","overlay-color":"","overlay-opacity":"","overlay-gradient":""},"mobile":{"background-color":"var(--ast-global-color-5)","background-image":"","background-repeat":"repeat","background-position":"center center","background-size":"auto","background-attachment":"scroll","background-type":"","background-media":"","overlay-type":"","overlay-color":"","overlay-opacity":"","overlay-gradient":""}},"footnotes":""},"class_list":["post-125","page","type-page","status-publish","hentry"],"yoast_head":"<!-- This site is optimized with the Yoast SEO plugin v27.3 - https:\/\/yoast.com\/product\/yoast-seo-wordpress\/ -->\n<title>Actualit\u00e9s - ECSN Euro Campus Sant\u00e9 Num\u00e9rique<\/title>\n<meta name=\"robots\" content=\"index, follow, max-snippet:-1, max-image-preview:large, max-video-preview:-1\" \/>\n<link rel=\"canonical\" href=\"https:\/\/ecsn-sante-numerique.eu\/index.php\/actualites\/\" \/>\n<meta property=\"og:locale\" content=\"en_US\" \/>\n<meta property=\"og:type\" content=\"article\" \/>\n<meta property=\"og:title\" content=\"Actualit\u00e9s - ECSN Euro Campus Sant\u00e9 Num\u00e9rique\" \/>\n<meta property=\"og:url\" content=\"https:\/\/ecsn-sante-numerique.eu\/index.php\/actualites\/\" \/>\n<meta property=\"og:site_name\" content=\"ECSN Euro Campus Sant\u00e9 Num\u00e9rique\" \/>\n<meta property=\"article:modified_time\" content=\"2024-01-09T16:08:14+00:00\" \/>\n<meta name=\"twitter:card\" content=\"summary_large_image\" \/>\n<script type=\"application\/ld+json\" class=\"yoast-schema-graph\">{\"@context\":\"https:\\\/\\\/schema.org\",\"@graph\":[{\"@type\":\"WebPage\",\"@id\":\"https:\\\/\\\/ecsn-sante-numerique.eu\\\/index.php\\\/actualites\\\/\",\"url\":\"https:\\\/\\\/ecsn-sante-numerique.eu\\\/index.php\\\/actualites\\\/\",\"name\":\"Actualit\u00e9s - ECSN Euro Campus Sant\u00e9 Num\u00e9rique\",\"isPartOf\":{\"@id\":\"https:\\\/\\\/ecsn-sante-numerique.eu\\\/#website\"},\"datePublished\":\"2024-01-04T16:44:50+00:00\",\"dateModified\":\"2024-01-09T16:08:14+00:00\",\"breadcrumb\":{\"@id\":\"https:\\\/\\\/ecsn-sante-numerique.eu\\\/index.php\\\/actualites\\\/#breadcrumb\"},\"inLanguage\":\"en-US\",\"potentialAction\":[{\"@type\":\"ReadAction\",\"target\":[\"https:\\\/\\\/ecsn-sante-numerique.eu\\\/index.php\\\/actualites\\\/\"]}]},{\"@type\":\"BreadcrumbList\",\"@id\":\"https:\\\/\\\/ecsn-sante-numerique.eu\\\/index.php\\\/actualites\\\/#breadcrumb\",\"itemListElement\":[{\"@type\":\"ListItem\",\"position\":1,\"name\":\"Accueil\",\"item\":\"https:\\\/\\\/ecsn-sante-numerique.eu\\\/\"},{\"@type\":\"ListItem\",\"position\":2,\"name\":\"Actualit\u00e9s\"}]},{\"@type\":\"WebSite\",\"@id\":\"https:\\\/\\\/ecsn-sante-numerique.eu\\\/#website\",\"url\":\"https:\\\/\\\/ecsn-sante-numerique.eu\\\/\",\"name\":\"ECSN Euro Campus Sant\u00e9 Num\u00e9rique\",\"description\":\"La formation interprofessionnelle en Sant\u00e9 Num\u00e9rique\",\"publisher\":{\"@id\":\"https:\\\/\\\/ecsn-sante-numerique.eu\\\/#organization\"},\"potentialAction\":[{\"@type\":\"SearchAction\",\"target\":{\"@type\":\"EntryPoint\",\"urlTemplate\":\"https:\\\/\\\/ecsn-sante-numerique.eu\\\/?s={search_term_string}\"},\"query-input\":{\"@type\":\"PropertyValueSpecification\",\"valueRequired\":true,\"valueName\":\"search_term_string\"}}],\"inLanguage\":\"en-US\"},{\"@type\":\"Organization\",\"@id\":\"https:\\\/\\\/ecsn-sante-numerique.eu\\\/#organization\",\"name\":\"ECSN\",\"alternateName\":\"Sant\u00e9 Num\u00e9rique\",\"url\":\"https:\\\/\\\/ecsn-sante-numerique.eu\\\/\",\"logo\":{\"@type\":\"ImageObject\",\"inLanguage\":\"en-US\",\"@id\":\"https:\\\/\\\/ecsn-sante-numerique.eu\\\/#\\\/schema\\\/logo\\\/image\\\/\",\"url\":\"https:\\\/\\\/i0.wp.com\\\/ecsn-sante-numerique.eu\\\/wp-content\\\/uploads\\\/2023\\\/12\\\/ecsn-logo-180x60px-72dpi.png?fit=180%2C60&ssl=1\",\"contentUrl\":\"https:\\\/\\\/i0.wp.com\\\/ecsn-sante-numerique.eu\\\/wp-content\\\/uploads\\\/2023\\\/12\\\/ecsn-logo-180x60px-72dpi.png?fit=180%2C60&ssl=1\",\"width\":180,\"height\":60,\"caption\":\"ECSN\"},\"image\":{\"@id\":\"https:\\\/\\\/ecsn-sante-numerique.eu\\\/#\\\/schema\\\/logo\\\/image\\\/\"}}]}<\/script>\n<!-- \/ Yoast SEO plugin. -->","yoast_head_json":{"title":"Actualit\u00e9s - ECSN Euro Campus Sant\u00e9 Num\u00e9rique","robots":{"index":"index","follow":"follow","max-snippet":"max-snippet:-1","max-image-preview":"max-image-preview:large","max-video-preview":"max-video-preview:-1"},"canonical":"https:\/\/ecsn-sante-numerique.eu\/index.php\/actualites\/","og_locale":"en_US","og_type":"article","og_title":"Actualit\u00e9s - ECSN Euro Campus Sant\u00e9 Num\u00e9rique","og_url":"https:\/\/ecsn-sante-numerique.eu\/index.php\/actualites\/","og_site_name":"ECSN Euro Campus Sant\u00e9 Num\u00e9rique","article_modified_time":"2024-01-09T16:08:14+00:00","twitter_card":"summary_large_image","schema":{"@context":"https:\/\/schema.org","@graph":[{"@type":"WebPage","@id":"https:\/\/ecsn-sante-numerique.eu\/index.php\/actualites\/","url":"https:\/\/ecsn-sante-numerique.eu\/index.php\/actualites\/","name":"Actualit\u00e9s - ECSN Euro Campus Sant\u00e9 Num\u00e9rique","isPartOf":{"@id":"https:\/\/ecsn-sante-numerique.eu\/#website"},"datePublished":"2024-01-04T16:44:50+00:00","dateModified":"2024-01-09T16:08:14+00:00","breadcrumb":{"@id":"https:\/\/ecsn-sante-numerique.eu\/index.php\/actualites\/#breadcrumb"},"inLanguage":"en-US","potentialAction":[{"@type":"ReadAction","target":["https:\/\/ecsn-sante-numerique.eu\/index.php\/actualites\/"]}]},{"@type":"BreadcrumbList","@id":"https:\/\/ecsn-sante-numerique.eu\/index.php\/actualites\/#breadcrumb","itemListElement":[{"@type":"ListItem","position":1,"name":"Accueil","item":"https:\/\/ecsn-sante-numerique.eu\/"},{"@type":"ListItem","position":2,"name":"Actualit\u00e9s"}]},{"@type":"WebSite","@id":"https:\/\/ecsn-sante-numerique.eu\/#website","url":"https:\/\/ecsn-sante-numerique.eu\/","name":"ECSN Euro Campus Sant\u00e9 Num\u00e9rique","description":"La formation interprofessionnelle en Sant\u00e9 Num\u00e9rique","publisher":{"@id":"https:\/\/ecsn-sante-numerique.eu\/#organization"},"potentialAction":[{"@type":"SearchAction","target":{"@type":"EntryPoint","urlTemplate":"https:\/\/ecsn-sante-numerique.eu\/?s={search_term_string}"},"query-input":{"@type":"PropertyValueSpecification","valueRequired":true,"valueName":"search_term_string"}}],"inLanguage":"en-US"},{"@type":"Organization","@id":"https:\/\/ecsn-sante-numerique.eu\/#organization","name":"ECSN","alternateName":"Sant\u00e9 Num\u00e9rique","url":"https:\/\/ecsn-sante-numerique.eu\/","logo":{"@type":"ImageObject","inLanguage":"en-US","@id":"https:\/\/ecsn-sante-numerique.eu\/#\/schema\/logo\/image\/","url":"https:\/\/i0.wp.com\/ecsn-sante-numerique.eu\/wp-content\/uploads\/2023\/12\/ecsn-logo-180x60px-72dpi.png?fit=180%2C60&ssl=1","contentUrl":"https:\/\/i0.wp.com\/ecsn-sante-numerique.eu\/wp-content\/uploads\/2023\/12\/ecsn-logo-180x60px-72dpi.png?fit=180%2C60&ssl=1","width":180,"height":60,"caption":"ECSN"},"image":{"@id":"https:\/\/ecsn-sante-numerique.eu\/#\/schema\/logo\/image\/"}}]}},"jetpack_sharing_enabled":true,"_links":{"self":[{"href":"https:\/\/ecsn-sante-numerique.eu\/index.php\/wp-json\/wp\/v2\/pages\/125","targetHints":{"allow":["GET"]}}],"collection":[{"href":"https:\/\/ecsn-sante-numerique.eu\/index.php\/wp-json\/wp\/v2\/pages"}],"about":[{"href":"https:\/\/ecsn-sante-numerique.eu\/index.php\/wp-json\/wp\/v2\/types\/page"}],"author":[{"embeddable":true,"href":"https:\/\/ecsn-sante-numerique.eu\/index.php\/wp-json\/wp\/v2\/users\/1"}],"replies":[{"embeddable":true,"href":"https:\/\/ecsn-sante-numerique.eu\/index.php\/wp-json\/wp\/v2\/comments?post=125"}],"version-history":[{"count":3,"href":"https:\/\/ecsn-sante-numerique.eu\/index.php\/wp-json\/wp\/v2\/pages\/125\/revisions"}],"predecessor-version":[{"id":277,"href":"https:\/\/ecsn-sante-numerique.eu\/index.php\/wp-json\/wp\/v2\/pages\/125\/revisions\/277"}],"wp:attachment":[{"href":"https:\/\/ecsn-sante-numerique.eu\/index.php\/wp-json\/wp\/v2\/media?parent=125"}],"curies":[{"name":"wp","href":"https:\/\/api.w.org\/{rel}","templated":true}]}}