{"id":121,"date":"2024-01-04T17:44:16","date_gmt":"2024-01-04T16:44:16","guid":{"rendered":"https:\/\/ecsn-sante-numerique.eu\/?page_id=121"},"modified":"2024-01-09T17:37:04","modified_gmt":"2024-01-09T16:37:04","slug":"publics","status":"publish","type":"page","link":"https:\/\/ecsn-sante-numerique.eu\/index.php\/publics\/","title":{"rendered":"Publics"},"content":{"rendered":"\n<div class=\"wp-block-cover alignfull\"><span aria-hidden=\"true\" class=\"wp-block-cover__background has-background-dim-100 has-background-dim has-background-gradient has-blush-light-purple-gradient-background\"><\/span><div class=\"wp-block-cover__inner-container is-layout-flow wp-block-cover-is-layout-flow\">\n<h1 class=\"wp-block-heading has-text-align-center has-text-color has-link-color has-x-large-font-size wp-elements-f010c0b1cd35ae4dc10eee9d045f4f08\" style=\"color:#70508a\">Publics<\/h1>\n<\/div><\/div>\n\n\n\n<div class=\"wp-block-columns is-layout-flex wp-container-core-columns-is-layout-28f84493 wp-block-columns-is-layout-flex\">\n<div class=\"wp-block-column is-layout-flow wp-block-column-is-layout-flow\">\n<figure class=\"wp-block-image size-large\"><img data-recalc-dims=\"1\" fetchpriority=\"high\" decoding=\"async\" width=\"1024\" height=\"159\" src=\"https:\/\/i0.wp.com\/ecsn-sante-numerique.eu\/wp-content\/uploads\/2024\/01\/etudiants-praticiens-bulles-1.png?resize=1024%2C159\" alt=\"Publics d'apprenants de la formation ECSN : \u00e9tudiants et praticiens\" class=\"wp-image-157\" srcset=\"https:\/\/i0.wp.com\/ecsn-sante-numerique.eu\/wp-content\/uploads\/2024\/01\/etudiants-praticiens-bulles-1.png?resize=1024%2C159&amp;ssl=1 1024w, https:\/\/i0.wp.com\/ecsn-sante-numerique.eu\/wp-content\/uploads\/2024\/01\/etudiants-praticiens-bulles-1.png?resize=300%2C46&amp;ssl=1 300w, https:\/\/i0.wp.com\/ecsn-sante-numerique.eu\/wp-content\/uploads\/2024\/01\/etudiants-praticiens-bulles-1.png?resize=768%2C119&amp;ssl=1 768w, https:\/\/i0.wp.com\/ecsn-sante-numerique.eu\/wp-content\/uploads\/2024\/01\/etudiants-praticiens-bulles-1.png?resize=1536%2C238&amp;ssl=1 1536w, https:\/\/i0.wp.com\/ecsn-sante-numerique.eu\/wp-content\/uploads\/2024\/01\/etudiants-praticiens-bulles-1.png?resize=2048%2C317&amp;ssl=1 2048w, https:\/\/i0.wp.com\/ecsn-sante-numerique.eu\/wp-content\/uploads\/2024\/01\/etudiants-praticiens-bulles-1.png?w=3000 3000w\" sizes=\"(max-width: 1000px) 100vw, 1000px\" \/><\/figure>\n\n\n\n<p class=\"has-text-align-center\">La formation en sant\u00e9 num\u00e9rique interprofessionnelle ECSN est dispens\u00e9e \u00e0 2 cat\u00e9gories d&#8217;apprenants.<\/p>\n\n\n\n<div class=\"wp-block-columns is-layout-flex wp-container-core-columns-is-layout-28f84493 wp-block-columns-is-layout-flex\">\n<div class=\"wp-block-column is-layout-flow wp-block-column-is-layout-flow\">\n<h3 class=\"wp-block-heading has-text-align-center\">Etudiants en formation initiale<\/h3>\n\n\n\n<p>La formation initiale est destin\u00e9e aux \u00e9tudiants inscrits dans les \u00e9coles membres du consortium, dans les cursus suivants :<\/p>\n\n\n\n<ul class=\"wp-block-list\">\n<li>m\u00e9decine<\/li>\n\n\n\n<li>soins infirmiers inter-hospitalier<\/li>\n\n\n\n<li>masso-kin\u00e9sith\u00e9rapie<\/li>\n\n\n\n<li>psychomotricit\u00e9 <\/li>\n<\/ul>\n<\/div>\n\n\n\n<div class=\"wp-block-column is-layout-flow wp-block-column-is-layout-flow\">\n<h3 class=\"wp-block-heading has-text-align-center\">Praticiens en formation continue<\/h3>\n\n\n\n<p>La formation continue est destin\u00e9e aux professionnels de sant\u00e9 en exercice tels que les m\u00e9decins, infirmiers, masseurs-kin\u00e9sith\u00e9rapeutes, psychomotriciens dans les d\u00e9partements 92, 93 et 77 sur le territoire de l\u2019Est Francilien.<\/p>\n<\/div>\n<\/div>\n<\/div>\n<\/div>\n","protected":false},"excerpt":{"rendered":"<p>La formation en sant\u00e9 num\u00e9rique interprofessionnelle ECSN est dispens\u00e9e \u00e0 2 cat\u00e9gories d&#8217;apprenants. Etudiants en formation initiale La formation initiale est destin\u00e9e aux \u00e9tudiants inscrits dans les \u00e9coles membres du consortium, dans les cursus suivants : Praticiens en formation continue La formation continue est destin\u00e9e aux professionnels de sant\u00e9 en exercice tels que les m\u00e9decins, [&hellip;]<\/p>\n","protected":false},"author":1,"featured_media":0,"parent":0,"menu_order":0,"comment_status":"closed","ping_status":"closed","template":"","meta":{"site-sidebar-layout":"default","site-content-layout":"","ast-site-content-layout":"default","site-content-style":"default","site-sidebar-style":"default","ast-global-header-display":"","ast-banner-title-visibility":"","ast-main-header-display":"","ast-hfb-above-header-display":"","ast-hfb-below-header-display":"","ast-hfb-mobile-header-display":"","site-post-title":"disabled","ast-breadcrumbs-content":"","ast-featured-img":"","footer-sml-layout":"","ast-disable-related-posts":"","theme-transparent-header-meta":"","adv-header-id-meta":"","stick-header-meta":"","header-above-stick-meta":"","header-main-stick-meta":"","header-below-stick-meta":"","astra-migrate-meta-layouts":"default","ast-page-background-enabled":"default","ast-page-background-meta":{"desktop":{"background-color":"var(--ast-global-color-4)","background-image":"","background-repeat":"repeat","background-position":"center center","background-size":"auto","background-attachment":"scroll","background-type":"","background-media":"","overlay-type":"","overlay-color":"","overlay-opacity":"","overlay-gradient":""},"tablet":{"background-color":"","background-image":"","background-repeat":"repeat","background-position":"center center","background-size":"auto","background-attachment":"scroll","background-type":"","background-media":"","overlay-type":"","overlay-color":"","overlay-opacity":"","overlay-gradient":""},"mobile":{"background-color":"","background-image":"","background-repeat":"repeat","background-position":"center center","background-size":"auto","background-attachment":"scroll","background-type":"","background-media":"","overlay-type":"","overlay-color":"","overlay-opacity":"","overlay-gradient":""}},"ast-content-background-meta":{"desktop":{"background-color":"var(--ast-global-color-5)","background-image":"","background-repeat":"repeat","background-position":"center center","background-size":"auto","background-attachment":"scroll","background-type":"","background-media":"","overlay-type":"","overlay-color":"","overlay-opacity":"","overlay-gradient":""},"tablet":{"background-color":"var(--ast-global-color-5)","background-image":"","background-repeat":"repeat","background-position":"center center","background-size":"auto","background-attachment":"scroll","background-type":"","background-media":"","overlay-type":"","overlay-color":"","overlay-opacity":"","overlay-gradient":""},"mobile":{"background-color":"var(--ast-global-color-5)","background-image":"","background-repeat":"repeat","background-position":"center center","background-size":"auto","background-attachment":"scroll","background-type":"","background-media":"","overlay-type":"","overlay-color":"","overlay-opacity":"","overlay-gradient":""}},"footnotes":""},"class_list":["post-121","page","type-page","status-publish","hentry"],"yoast_head":"<!-- This site is optimized with the Yoast SEO plugin v27.3 - https:\/\/yoast.com\/product\/yoast-seo-wordpress\/ -->\n<title>Publics - ECSN Euro Campus Sant\u00e9 Num\u00e9rique<\/title>\n<meta name=\"robots\" content=\"index, follow, max-snippet:-1, max-image-preview:large, max-video-preview:-1\" \/>\n<link rel=\"canonical\" href=\"https:\/\/ecsn-sante-numerique.eu\/index.php\/publics\/\" \/>\n<meta property=\"og:locale\" content=\"en_US\" \/>\n<meta property=\"og:type\" content=\"article\" \/>\n<meta property=\"og:title\" content=\"Publics - ECSN Euro Campus Sant\u00e9 Num\u00e9rique\" \/>\n<meta property=\"og:description\" content=\"La formation en sant\u00e9 num\u00e9rique interprofessionnelle ECSN est dispens\u00e9e \u00e0 2 cat\u00e9gories d&#8217;apprenants. Etudiants en formation initiale La formation initiale est destin\u00e9e aux \u00e9tudiants inscrits dans les \u00e9coles membres du consortium, dans les cursus suivants : Praticiens en formation continue La formation continue est destin\u00e9e aux professionnels de sant\u00e9 en exercice tels que les m\u00e9decins, [&hellip;]\" \/>\n<meta property=\"og:url\" content=\"https:\/\/ecsn-sante-numerique.eu\/index.php\/publics\/\" \/>\n<meta property=\"og:site_name\" content=\"ECSN Euro Campus Sant\u00e9 Num\u00e9rique\" \/>\n<meta property=\"article:modified_time\" content=\"2024-01-09T16:37:04+00:00\" \/>\n<meta property=\"og:image\" content=\"http:\/\/ecsn-sante-numerique.eu\/wp-content\/uploads\/2024\/01\/etudiants-praticiens-bulles-1-1024x159.png\" \/>\n<meta name=\"twitter:card\" content=\"summary_large_image\" \/>\n<script type=\"application\/ld+json\" class=\"yoast-schema-graph\">{\"@context\":\"https:\\\/\\\/schema.org\",\"@graph\":[{\"@type\":\"WebPage\",\"@id\":\"https:\\\/\\\/ecsn-sante-numerique.eu\\\/index.php\\\/publics\\\/\",\"url\":\"https:\\\/\\\/ecsn-sante-numerique.eu\\\/index.php\\\/publics\\\/\",\"name\":\"Publics - ECSN Euro Campus Sant\u00e9 Num\u00e9rique\",\"isPartOf\":{\"@id\":\"https:\\\/\\\/ecsn-sante-numerique.eu\\\/#website\"},\"primaryImageOfPage\":{\"@id\":\"https:\\\/\\\/ecsn-sante-numerique.eu\\\/index.php\\\/publics\\\/#primaryimage\"},\"image\":{\"@id\":\"https:\\\/\\\/ecsn-sante-numerique.eu\\\/index.php\\\/publics\\\/#primaryimage\"},\"thumbnailUrl\":\"http:\\\/\\\/ecsn-sante-numerique.eu\\\/wp-content\\\/uploads\\\/2024\\\/01\\\/etudiants-praticiens-bulles-1-1024x159.png\",\"datePublished\":\"2024-01-04T16:44:16+00:00\",\"dateModified\":\"2024-01-09T16:37:04+00:00\",\"breadcrumb\":{\"@id\":\"https:\\\/\\\/ecsn-sante-numerique.eu\\\/index.php\\\/publics\\\/#breadcrumb\"},\"inLanguage\":\"en-US\",\"potentialAction\":[{\"@type\":\"ReadAction\",\"target\":[\"https:\\\/\\\/ecsn-sante-numerique.eu\\\/index.php\\\/publics\\\/\"]}]},{\"@type\":\"ImageObject\",\"inLanguage\":\"en-US\",\"@id\":\"https:\\\/\\\/ecsn-sante-numerique.eu\\\/index.php\\\/publics\\\/#primaryimage\",\"url\":\"https:\\\/\\\/i0.wp.com\\\/ecsn-sante-numerique.eu\\\/wp-content\\\/uploads\\\/2024\\\/01\\\/etudiants-praticiens-bulles-1.png?fit=8192%2C1269&ssl=1\",\"contentUrl\":\"https:\\\/\\\/i0.wp.com\\\/ecsn-sante-numerique.eu\\\/wp-content\\\/uploads\\\/2024\\\/01\\\/etudiants-praticiens-bulles-1.png?fit=8192%2C1269&ssl=1\",\"width\":8192,\"height\":1269,\"caption\":\"Publics d'apprenants de la formation ECSN : \u00e9tudiants et praticiens\"},{\"@type\":\"BreadcrumbList\",\"@id\":\"https:\\\/\\\/ecsn-sante-numerique.eu\\\/index.php\\\/publics\\\/#breadcrumb\",\"itemListElement\":[{\"@type\":\"ListItem\",\"position\":1,\"name\":\"Accueil\",\"item\":\"https:\\\/\\\/ecsn-sante-numerique.eu\\\/\"},{\"@type\":\"ListItem\",\"position\":2,\"name\":\"Publics\"}]},{\"@type\":\"WebSite\",\"@id\":\"https:\\\/\\\/ecsn-sante-numerique.eu\\\/#website\",\"url\":\"https:\\\/\\\/ecsn-sante-numerique.eu\\\/\",\"name\":\"ECSN Euro Campus Sant\u00e9 Num\u00e9rique\",\"description\":\"La formation interprofessionnelle en Sant\u00e9 Num\u00e9rique\",\"publisher\":{\"@id\":\"https:\\\/\\\/ecsn-sante-numerique.eu\\\/#organization\"},\"potentialAction\":[{\"@type\":\"SearchAction\",\"target\":{\"@type\":\"EntryPoint\",\"urlTemplate\":\"https:\\\/\\\/ecsn-sante-numerique.eu\\\/?s={search_term_string}\"},\"query-input\":{\"@type\":\"PropertyValueSpecification\",\"valueRequired\":true,\"valueName\":\"search_term_string\"}}],\"inLanguage\":\"en-US\"},{\"@type\":\"Organization\",\"@id\":\"https:\\\/\\\/ecsn-sante-numerique.eu\\\/#organization\",\"name\":\"ECSN\",\"alternateName\":\"Sant\u00e9 Num\u00e9rique\",\"url\":\"https:\\\/\\\/ecsn-sante-numerique.eu\\\/\",\"logo\":{\"@type\":\"ImageObject\",\"inLanguage\":\"en-US\",\"@id\":\"https:\\\/\\\/ecsn-sante-numerique.eu\\\/#\\\/schema\\\/logo\\\/image\\\/\",\"url\":\"https:\\\/\\\/i0.wp.com\\\/ecsn-sante-numerique.eu\\\/wp-content\\\/uploads\\\/2023\\\/12\\\/ecsn-logo-180x60px-72dpi.png?fit=180%2C60&ssl=1\",\"contentUrl\":\"https:\\\/\\\/i0.wp.com\\\/ecsn-sante-numerique.eu\\\/wp-content\\\/uploads\\\/2023\\\/12\\\/ecsn-logo-180x60px-72dpi.png?fit=180%2C60&ssl=1\",\"width\":180,\"height\":60,\"caption\":\"ECSN\"},\"image\":{\"@id\":\"https:\\\/\\\/ecsn-sante-numerique.eu\\\/#\\\/schema\\\/logo\\\/image\\\/\"}}]}<\/script>\n<!-- \/ Yoast SEO plugin. -->","yoast_head_json":{"title":"Publics - ECSN Euro Campus Sant\u00e9 Num\u00e9rique","robots":{"index":"index","follow":"follow","max-snippet":"max-snippet:-1","max-image-preview":"max-image-preview:large","max-video-preview":"max-video-preview:-1"},"canonical":"https:\/\/ecsn-sante-numerique.eu\/index.php\/publics\/","og_locale":"en_US","og_type":"article","og_title":"Publics - ECSN Euro Campus Sant\u00e9 Num\u00e9rique","og_description":"La formation en sant\u00e9 num\u00e9rique interprofessionnelle ECSN est dispens\u00e9e \u00e0 2 cat\u00e9gories d&#8217;apprenants. Etudiants en formation initiale La formation initiale est destin\u00e9e aux \u00e9tudiants inscrits dans les \u00e9coles membres du consortium, dans les cursus suivants : Praticiens en formation continue La formation continue est destin\u00e9e aux professionnels de sant\u00e9 en exercice tels que les m\u00e9decins, [&hellip;]","og_url":"https:\/\/ecsn-sante-numerique.eu\/index.php\/publics\/","og_site_name":"ECSN Euro Campus Sant\u00e9 Num\u00e9rique","article_modified_time":"2024-01-09T16:37:04+00:00","og_image":[{"url":"http:\/\/ecsn-sante-numerique.eu\/wp-content\/uploads\/2024\/01\/etudiants-praticiens-bulles-1-1024x159.png","type":"","width":"","height":""}],"twitter_card":"summary_large_image","schema":{"@context":"https:\/\/schema.org","@graph":[{"@type":"WebPage","@id":"https:\/\/ecsn-sante-numerique.eu\/index.php\/publics\/","url":"https:\/\/ecsn-sante-numerique.eu\/index.php\/publics\/","name":"Publics - ECSN Euro Campus Sant\u00e9 Num\u00e9rique","isPartOf":{"@id":"https:\/\/ecsn-sante-numerique.eu\/#website"},"primaryImageOfPage":{"@id":"https:\/\/ecsn-sante-numerique.eu\/index.php\/publics\/#primaryimage"},"image":{"@id":"https:\/\/ecsn-sante-numerique.eu\/index.php\/publics\/#primaryimage"},"thumbnailUrl":"http:\/\/ecsn-sante-numerique.eu\/wp-content\/uploads\/2024\/01\/etudiants-praticiens-bulles-1-1024x159.png","datePublished":"2024-01-04T16:44:16+00:00","dateModified":"2024-01-09T16:37:04+00:00","breadcrumb":{"@id":"https:\/\/ecsn-sante-numerique.eu\/index.php\/publics\/#breadcrumb"},"inLanguage":"en-US","potentialAction":[{"@type":"ReadAction","target":["https:\/\/ecsn-sante-numerique.eu\/index.php\/publics\/"]}]},{"@type":"ImageObject","inLanguage":"en-US","@id":"https:\/\/ecsn-sante-numerique.eu\/index.php\/publics\/#primaryimage","url":"https:\/\/i0.wp.com\/ecsn-sante-numerique.eu\/wp-content\/uploads\/2024\/01\/etudiants-praticiens-bulles-1.png?fit=8192%2C1269&ssl=1","contentUrl":"https:\/\/i0.wp.com\/ecsn-sante-numerique.eu\/wp-content\/uploads\/2024\/01\/etudiants-praticiens-bulles-1.png?fit=8192%2C1269&ssl=1","width":8192,"height":1269,"caption":"Publics d'apprenants de la formation ECSN : \u00e9tudiants et praticiens"},{"@type":"BreadcrumbList","@id":"https:\/\/ecsn-sante-numerique.eu\/index.php\/publics\/#breadcrumb","itemListElement":[{"@type":"ListItem","position":1,"name":"Accueil","item":"https:\/\/ecsn-sante-numerique.eu\/"},{"@type":"ListItem","position":2,"name":"Publics"}]},{"@type":"WebSite","@id":"https:\/\/ecsn-sante-numerique.eu\/#website","url":"https:\/\/ecsn-sante-numerique.eu\/","name":"ECSN Euro Campus Sant\u00e9 Num\u00e9rique","description":"La formation interprofessionnelle en Sant\u00e9 Num\u00e9rique","publisher":{"@id":"https:\/\/ecsn-sante-numerique.eu\/#organization"},"potentialAction":[{"@type":"SearchAction","target":{"@type":"EntryPoint","urlTemplate":"https:\/\/ecsn-sante-numerique.eu\/?s={search_term_string}"},"query-input":{"@type":"PropertyValueSpecification","valueRequired":true,"valueName":"search_term_string"}}],"inLanguage":"en-US"},{"@type":"Organization","@id":"https:\/\/ecsn-sante-numerique.eu\/#organization","name":"ECSN","alternateName":"Sant\u00e9 Num\u00e9rique","url":"https:\/\/ecsn-sante-numerique.eu\/","logo":{"@type":"ImageObject","inLanguage":"en-US","@id":"https:\/\/ecsn-sante-numerique.eu\/#\/schema\/logo\/image\/","url":"https:\/\/i0.wp.com\/ecsn-sante-numerique.eu\/wp-content\/uploads\/2023\/12\/ecsn-logo-180x60px-72dpi.png?fit=180%2C60&ssl=1","contentUrl":"https:\/\/i0.wp.com\/ecsn-sante-numerique.eu\/wp-content\/uploads\/2023\/12\/ecsn-logo-180x60px-72dpi.png?fit=180%2C60&ssl=1","width":180,"height":60,"caption":"ECSN"},"image":{"@id":"https:\/\/ecsn-sante-numerique.eu\/#\/schema\/logo\/image\/"}}]}},"jetpack_sharing_enabled":true,"_links":{"self":[{"href":"https:\/\/ecsn-sante-numerique.eu\/index.php\/wp-json\/wp\/v2\/pages\/121","targetHints":{"allow":["GET"]}}],"collection":[{"href":"https:\/\/ecsn-sante-numerique.eu\/index.php\/wp-json\/wp\/v2\/pages"}],"about":[{"href":"https:\/\/ecsn-sante-numerique.eu\/index.php\/wp-json\/wp\/v2\/types\/page"}],"author":[{"embeddable":true,"href":"https:\/\/ecsn-sante-numerique.eu\/index.php\/wp-json\/wp\/v2\/users\/1"}],"replies":[{"embeddable":true,"href":"https:\/\/ecsn-sante-numerique.eu\/index.php\/wp-json\/wp\/v2\/comments?post=121"}],"version-history":[{"count":6,"href":"https:\/\/ecsn-sante-numerique.eu\/index.php\/wp-json\/wp\/v2\/pages\/121\/revisions"}],"predecessor-version":[{"id":361,"href":"https:\/\/ecsn-sante-numerique.eu\/index.php\/wp-json\/wp\/v2\/pages\/121\/revisions\/361"}],"wp:attachment":[{"href":"https:\/\/ecsn-sante-numerique.eu\/index.php\/wp-json\/wp\/v2\/media?parent=121"}],"curies":[{"name":"wp","href":"https:\/\/api.w.org\/{rel}","templated":true}]}}