{"id":117,"date":"2024-01-04T17:43:11","date_gmt":"2024-01-04T16:43:11","guid":{"rendered":"https:\/\/ecsn-sante-numerique.eu\/?page_id=117"},"modified":"2024-01-09T16:23:00","modified_gmt":"2024-01-09T15:23:00","slug":"consortium","status":"publish","type":"page","link":"https:\/\/ecsn-sante-numerique.eu\/index.php\/consortium\/","title":{"rendered":"Consortium"},"content":{"rendered":"\n<div class=\"wp-block-cover alignfull\"><span aria-hidden=\"true\" class=\"wp-block-cover__background has-background-dim-100 has-background-dim has-background-gradient has-blush-light-purple-gradient-background\"><\/span><div class=\"wp-block-cover__inner-container is-layout-flow wp-block-cover-is-layout-flow\">\n<h1 class=\"wp-block-heading has-text-align-center has-text-color has-link-color has-x-large-font-size wp-elements-713b7f424917c9dc86ec47083608feb5\" style=\"color:#70508a;text-transform:uppercase\">Consortium<\/h1>\n\n\n\n<p class=\"has-text-color has-link-color wp-elements-75e62da643a8b83968400a570b08e3f0\" style=\"color:#70508a\">Le consortium est compos\u00e9 de 4 \u00e9tablissements de formation en m\u00e9decine, soins infirmiers, masso-kin\u00e9sith\u00e9rapie et psychomotricit\u00e9 : Universit\u00e9 Sorbonne Paris Nord, Institut de Formation Interhospitalier Th\u00e9odore Simon,  Institut de Formation en Masso-Kin\u00e9sith\u00e9rapie de l&#8217;Est Francilien, Institut Sup\u00e9rieur de R\u00e9\u00e9ducation Psychomotrice<\/p>\n<\/div><\/div>\n\n\n\n<div class=\"wp-block-columns is-layout-flex wp-container-core-columns-is-layout-28f84493 wp-block-columns-is-layout-flex\">\n<div class=\"wp-block-column is-layout-flow wp-block-column-is-layout-flow\">\n<figure class=\"wp-block-image size-full is-resized\"><img data-recalc-dims=\"1\" fetchpriority=\"high\" decoding=\"async\" width=\"567\" height=\"267\" src=\"https:\/\/i0.wp.com\/ecsn-sante-numerique.eu\/wp-content\/uploads\/2024\/01\/LOGOTYPE-Officiel-Universite-Sorbonne-Paris-Nord.png?resize=567%2C267\" alt=\"Universit\u00e9 Sorbonne Paris Nord\" class=\"wp-image-74\" style=\"width:508px;height:auto\" srcset=\"https:\/\/i0.wp.com\/ecsn-sante-numerique.eu\/wp-content\/uploads\/2024\/01\/LOGOTYPE-Officiel-Universite-Sorbonne-Paris-Nord.png?w=567&amp;ssl=1 567w, https:\/\/i0.wp.com\/ecsn-sante-numerique.eu\/wp-content\/uploads\/2024\/01\/LOGOTYPE-Officiel-Universite-Sorbonne-Paris-Nord.png?resize=300%2C141&amp;ssl=1 300w\" sizes=\"(max-width: 567px) 100vw, 567px\" \/><\/figure>\n\n\n\n<h4 class=\"wp-block-heading has-text-align-center\">Universit\u00e9 Sorbonne <br>Paris Nord<\/h4>\n\n\n\n<p>L\u2019USPN constitue un p\u00f4le majeur d\u2019enseignement et de recherche situ\u00e9 au nord de Paris. D\u00e9ploy\u00e9e sur un territoire \u00e0 la dynamique incontestable qui accueillera les Jeux Olympiques. Elle compte 5 campus, r\u00e9partis sur les deux d\u00e9partements de la Seine-Saint-Denis et du Val d\u2019Oise : Villetaneuse, Bobigny, Saint-Denis, la Plaine Saint-Denis et Argenteuil.L\u2019Universit\u00e9 Sorbonne Paris Nord est une universit\u00e9 pluridisciplinaire dont l\u2019offre de formation est structur\u00e9e autour de cinq grands domaines : droit, sciences politiques et sociales, sciences \u00e9conomiques et de gestion, sciences et technologie, sant\u00e9, m\u00e9decine, biologie, sports, lettres, langues, sciences de l\u2019homme et soci\u00e9t\u00e9, culture et communication.<\/p>\n\n\n\n<p>Elle compte aujourd\u2019hui pr\u00e8s de 25 000 \u00e9tudiants en formation initiale ou continue, au sein de 9 composantes (5 UFR, 3 IUT, 1 institut), r\u00e9partis sur ces 5 Campus.<br>La recherche est d\u00e9velopp\u00e9e au sein de 30 unit\u00e9s de recherche, certaines associ\u00e9es au CNRS ou \u00e0 l\u2019Inserm, des structures f\u00e9d\u00e9ratives de recherche, des plateformes de recherche, 2 \u00e9coles doctorales, 1 \u00e9cole universitaire de recherche (EUR PNGS-M&amp;CS), plusieurs LabEx et EquipEx compl\u00e8tent le dispositif.<\/p>\n\n\n\n<div class=\"wp-block-buttons is-layout-flex wp-block-buttons-is-layout-flex\">\n<div class=\"wp-block-button\"><a class=\"wp-block-button__link has-ast-global-color-5-color has-ast-global-color-0-background-color has-text-color has-background has-link-color wp-element-button\" href=\"https:\/\/www.univ-spn.fr\/\" target=\"_blank\" rel=\"noreferrer noopener\">Visiter le site USPN<\/a><\/div>\n<\/div>\n<\/div>\n\n\n\n<div class=\"wp-block-column is-layout-flow wp-block-column-is-layout-flow\">\n<figure class=\"wp-block-image aligncenter size-full is-resized\"><img data-recalc-dims=\"1\" decoding=\"async\" width=\"203\" height=\"248\" src=\"https:\/\/i0.wp.com\/ecsn-sante-numerique.eu\/wp-content\/uploads\/2024\/01\/ifits-logo.jpg?resize=203%2C248\" alt=\"Institut de formation interhospitalier Th\u00e9odore Simon\" class=\"wp-image-75\" style=\"width:196px;height:auto\"\/><\/figure>\n\n\n\n<h4 class=\"wp-block-heading has-text-align-center\">Institut de Formation Interhospitalier <br>Th\u00e9odore Simon<\/h4>\n\n\n\n<p>L\u2019IFITS est un institut de formation inter-hospitalier situ\u00e9 \u00e0 proximit\u00e9 de Paris et dans un environnement verdoyant qui accueille chaque ann\u00e9e pr\u00e8s de 1 000\u00a0<strong>\u00e9tudiants<\/strong>\u00a0et\u00a0<strong>\u00e9l\u00e8ves<\/strong>, le positionnant en France parmi les structures comptant le plus de personnes inscrites en formation param\u00e9dicale.<br>Depuis son ouverture en 1946, il a d\u00e9velopp\u00e9 une solide exp\u00e9rience dans le champ de la formation des professionnels de sant\u00e9.<\/p>\n\n\n\n<p>Ses projets innovants dans les domaines de la p\u00e9dagogie et de la recherche, ainsi que les excellents taux de r\u00e9ussite aux dipl\u00f4mes lui conf\u00e8rent une notori\u00e9t\u00e9 sur le territoire r\u00e9gional, national et \u00e0 l\u2019internationa<\/p>\n\n\n\n<p>Une \u00e9quipe p\u00e9dagogique comp\u00e9tente, dynamique et engag\u00e9e vous accompagnera dans votre processus de professionnalisation et vous transmettra les valeurs indispensables \u00e0 l\u2019exercice d\u2019une profession de sant\u00e9 comme le sens des responsabilit\u00e9s, l\u2019engagement et le respect de l\u2019autre. Ancr\u00e9 dans une philosophie humaniste forte, l\u2019institut vous placera au c\u0153ur de son projet de\u00a0formation\u00a0en vous proposant un suivi individualis\u00e9 afin d\u2019atteindre un objectif partag\u00e9 : votre r\u00e9ussite.<\/p>\n\n\n\n<div class=\"wp-block-buttons is-layout-flex wp-block-buttons-is-layout-flex\">\n<div class=\"wp-block-button\"><a class=\"wp-block-button__link has-ast-global-color-5-color has-ast-global-color-0-background-color has-text-color has-background has-link-color wp-element-button\" href=\"https:\/\/www.ifits.fr\/fr\" target=\"_blank\" rel=\"noreferrer noopener\">Visiter le site IFITS<\/a><\/div>\n<\/div>\n<\/div>\n<\/div>\n\n\n\n<div class=\"wp-block-columns is-layout-flex wp-container-core-columns-is-layout-28f84493 wp-block-columns-is-layout-flex\">\n<div class=\"wp-block-column is-layout-flow wp-block-column-is-layout-flow\">\n<figure class=\"wp-block-image size-full is-resized\"><img data-recalc-dims=\"1\" decoding=\"async\" width=\"335\" height=\"150\" src=\"https:\/\/i0.wp.com\/ecsn-sante-numerique.eu\/wp-content\/uploads\/2024\/01\/ifkmef-logo.png?resize=335%2C150\" alt=\"\" class=\"wp-image-77\" style=\"width:508px;height:auto\" srcset=\"https:\/\/i0.wp.com\/ecsn-sante-numerique.eu\/wp-content\/uploads\/2024\/01\/ifkmef-logo.png?w=335&amp;ssl=1 335w, https:\/\/i0.wp.com\/ecsn-sante-numerique.eu\/wp-content\/uploads\/2024\/01\/ifkmef-logo.png?resize=300%2C134&amp;ssl=1 300w\" sizes=\"(max-width: 335px) 100vw, 335px\" \/><\/figure>\n\n\n\n<h4 class=\"wp-block-heading has-text-align-center\">Institut de Formation en Masso-kin\u00e9sith\u00e9rapie<br>de l\u2019Est Francilien<\/h4>\n\n\n\n<p><strong>L\u2019IFMK EF<\/strong>, \u00e9cole \u00e0 taille humaine, offre une formation ouverte aux avanc\u00e9es technologiques et aux nouveaux concepts de r\u00e9\u00e9ducation de la profession. Son ambition est de&nbsp;<strong>former des kin\u00e9sith\u00e9rapeutes de haut niveau<\/strong>&nbsp;capables de g\u00e9rer des situations complexes et de se pr\u00e9parer \u00e0 la kin\u00e9sith\u00e9rapie de demain.&nbsp;<strong>\u00c9tablissement d\u2019Enseignement sup\u00e9rieur priv\u00e9 d\u00e9clar\u00e9 au Rectorat.<\/strong><\/p>\n\n\n\n<p>Int\u00e9gr\u00e9 au&nbsp;<strong>P\u00f4le Euro Universitaire de Sant\u00e9 (PEUS)<\/strong>, l\u2019IFMK EF fait partie d\u2019un \u00e9cosyst\u00e8me de&nbsp;<strong>formation et de recherche d\u2019excellence<\/strong>&nbsp;principalement organis\u00e9 autour de la&nbsp;<strong>r\u00e9\u00e9ducation et de la sant\u00e9&nbsp;<\/strong>qui se compose de&nbsp;l\u2019<strong>ISRP<\/strong>&nbsp;(Institut Sup\u00e9rieur de R\u00e9\u00e9ducation Psychomotrice), d\u2019<strong>Expersant\u00e9<\/strong>&nbsp;(\u00e9cole de pr\u00e9paration aux concours param\u00e9dicaux), de l\u2019<strong>UEFP<\/strong>&nbsp;(Unit\u00e9 Europ\u00e9enne de Formation Permanente), de la<strong>&nbsp;FRPMC<\/strong>&nbsp;(Fondation pour la Recherche en Psychomotricit\u00e9 et Maladies de Civilisation), de l\u2019<strong>ALIP<\/strong>&nbsp;(Alliance Linguistique Interculturelle de Paris). Les \u00e9tablissements du PEUS sont implant\u00e9s \u00e0&nbsp;<strong>Paris<\/strong>,&nbsp;<strong>Marseille<\/strong>,&nbsp;<strong>Vichy&nbsp;<\/strong>et d\u00e9sormais&nbsp;<strong>Meaux<\/strong>.<\/p>\n\n\n\n<p>La formation pr\u00e9parant au Dipl\u00f4me d\u2019\u00c9tat de Masseur-Kin\u00e9sith\u00e9rapeute offre une approche scientifique, technique et pratique. L\u2019<strong>arr\u00eat\u00e9 du 2 septembre 2015<\/strong>\u00a0relatif au DEMK sp\u00e9cifie les modalit\u00e9s concernant la dur\u00e9e des \u00e9tudes de masso-kin\u00e9sith\u00e9rapie ainsi que l\u2019organisation des \u00e9tudes. La formation dure 4 ans, soit un total de 8semestres organis\u00e9s en 2 cycles de 4 semestres chacun.<\/p>\n\n\n\n<div class=\"wp-block-buttons is-layout-flex wp-block-buttons-is-layout-flex\">\n<div class=\"wp-block-button\"><a class=\"wp-block-button__link has-ast-global-color-5-color has-ast-global-color-0-background-color has-text-color has-background has-link-color wp-element-button\" href=\"https:\/\/ifmkef.fr\/\" target=\"_blank\" rel=\"noreferrer noopener\">Visiter le site IFMK EF<\/a><\/div>\n<\/div>\n<\/div>\n\n\n\n<div class=\"wp-block-column is-layout-flow wp-block-column-is-layout-flow\">\n<figure class=\"wp-block-image aligncenter size-full is-resized\"><img data-recalc-dims=\"1\" loading=\"lazy\" decoding=\"async\" width=\"300\" height=\"148\" src=\"https:\/\/i0.wp.com\/ecsn-sante-numerique.eu\/wp-content\/uploads\/2024\/01\/isrp-logo.png?resize=300%2C148\" alt=\"\" class=\"wp-image-78\" style=\"width:452px;height:auto\"\/><\/figure>\n\n\n\n<h4 class=\"wp-block-heading has-text-align-center\">Institut Sup\u00e9rieur de R\u00e9\u00e9ducation Psychomotrice<br>Paris \u2022 Marseille \u2022 Vichy \u2022 Metz<\/h4>\n\n\n\n<p><strong>L\u2019ISRP<\/strong>&nbsp;joue depuis sa cr\u00e9ation un<strong>&nbsp;r\u00f4le majeur dans le d\u00e9veloppement de la profession en France et \u00e0 l\u2019international<\/strong>. Ainsi, gr\u00e2ce \u00e0 un travail constant aupr\u00e8s des pouvoirs publics, l\u2019ISRP a contribu\u00e9 \u00e0 la cr\u00e9ation du&nbsp;<strong>Dipl\u00f4me d\u2019\u00c9tat de psychomotricit\u00e9<\/strong>&nbsp;en 1974, la publication du D\u00e9cret de comp\u00e9tences en 1988, l\u2019obtention du statut d\u2019auxiliaire de la m\u00e9decine en 1995, l\u2019inscription dans les plans de sant\u00e9 majeurs du Minist\u00e8re, et l\u2019\u00e9laboration des recommandations de la HAS depuis les ann\u00e9es 2000. Il a \u00e9galement largement contribu\u00e9 \u00e0 la reconnaissance de la profession en Europe, en Afrique et dans de nombreux pays d\u2019Am\u00e9rique latine.<\/p>\n\n\n\n<p>Chaque ann\u00e9e,&nbsp;<strong>l\u2019ISRP<\/strong>&nbsp;se voit attribuer le plus grand quota d\u2019\u00e9tudiants pour la pr\u00e9paration au Dipl\u00f4me d\u2019\u00c9tat de&nbsp;<strong>psychomotricien<\/strong>, soit 390 places parmi les 1094 places attribu\u00e9es au niveau national pour l\u2019ann\u00e9e 2022-2023. Sur les 14 807 psychomotriciens qui exercent en France, plus de la moiti\u00e9 a \u00e9t\u00e9 form\u00e9e \u00e0 l\u2019ISRP&nbsp;<strong>(Source :&nbsp; R\u00e9pertoire ADELI \u2013 Dress, donn\u00e9es au 1er janvier 2023)<\/strong>.<\/p>\n\n\n\n<p>L\u2019<strong>ISRP<\/strong>&nbsp;pr\u00e9pare au&nbsp;<strong>Dipl\u00f4me d\u2019\u00c9tat de&nbsp;Psychomotricien (DE)<\/strong> en 3 ans.<br><br><strong>Premier Institut de Formation au m\u00e9tier de Psychomotricien, l\u2019ISRP<\/strong>&nbsp;a r\u00e9cemment c\u00e9l\u00e9br\u00e9 ses 50 ans sous le haut patronage de Madame Buzyn et Madame Cluzel, et avec le soutien de Madame Macron.<\/p>\n\n\n\n<div class=\"wp-block-buttons is-layout-flex wp-block-buttons-is-layout-flex\">\n<div class=\"wp-block-button\"><a class=\"wp-block-button__link has-ast-global-color-5-color has-ast-global-color-0-background-color has-text-color has-background has-link-color wp-element-button\" href=\"https:\/\/www.isrp.fr\/\" target=\"_blank\" rel=\"noreferrer noopener\">Visiter le site ISRP<\/a><\/div>\n<\/div>\n<\/div>\n<\/div>\n","protected":false},"excerpt":{"rendered":"<p>Universit\u00e9 Sorbonne Paris Nord L\u2019USPN constitue un p\u00f4le majeur d\u2019enseignement et de recherche situ\u00e9 au nord de Paris. D\u00e9ploy\u00e9e sur un territoire \u00e0 la dynamique incontestable qui accueillera les Jeux Olympiques. Elle compte 5 campus, r\u00e9partis sur les deux d\u00e9partements de la Seine-Saint-Denis et du Val d\u2019Oise : Villetaneuse, Bobigny, Saint-Denis, la Plaine Saint-Denis et [&hellip;]<\/p>\n","protected":false},"author":1,"featured_media":0,"parent":0,"menu_order":0,"comment_status":"closed","ping_status":"closed","template":"","meta":{"site-sidebar-layout":"default","site-content-layout":"","ast-site-content-layout":"default","site-content-style":"default","site-sidebar-style":"default","ast-global-header-display":"","ast-banner-title-visibility":"","ast-main-header-display":"","ast-hfb-above-header-display":"","ast-hfb-below-header-display":"","ast-hfb-mobile-header-display":"","site-post-title":"disabled","ast-breadcrumbs-content":"","ast-featured-img":"","footer-sml-layout":"","ast-disable-related-posts":"","theme-transparent-header-meta":"","adv-header-id-meta":"","stick-header-meta":"","header-above-stick-meta":"","header-main-stick-meta":"","header-below-stick-meta":"","astra-migrate-meta-layouts":"default","ast-page-background-enabled":"default","ast-page-background-meta":{"desktop":{"background-color":"var(--ast-global-color-4)","background-image":"","background-repeat":"repeat","background-position":"center center","background-size":"auto","background-attachment":"scroll","background-type":"","background-media":"","overlay-type":"","overlay-color":"","overlay-opacity":"","overlay-gradient":""},"tablet":{"background-color":"","background-image":"","background-repeat":"repeat","background-position":"center center","background-size":"auto","background-attachment":"scroll","background-type":"","background-media":"","overlay-type":"","overlay-color":"","overlay-opacity":"","overlay-gradient":""},"mobile":{"background-color":"","background-image":"","background-repeat":"repeat","background-position":"center center","background-size":"auto","background-attachment":"scroll","background-type":"","background-media":"","overlay-type":"","overlay-color":"","overlay-opacity":"","overlay-gradient":""}},"ast-content-background-meta":{"desktop":{"background-color":"var(--ast-global-color-5)","background-image":"","background-repeat":"repeat","background-position":"center center","background-size":"auto","background-attachment":"scroll","background-type":"","background-media":"","overlay-type":"","overlay-color":"","overlay-opacity":"","overlay-gradient":""},"tablet":{"background-color":"var(--ast-global-color-5)","background-image":"","background-repeat":"repeat","background-position":"center center","background-size":"auto","background-attachment":"scroll","background-type":"","background-media":"","overlay-type":"","overlay-color":"","overlay-opacity":"","overlay-gradient":""},"mobile":{"background-color":"var(--ast-global-color-5)","background-image":"","background-repeat":"repeat","background-position":"center center","background-size":"auto","background-attachment":"scroll","background-type":"","background-media":"","overlay-type":"","overlay-color":"","overlay-opacity":"","overlay-gradient":""}},"footnotes":""},"class_list":["post-117","page","type-page","status-publish","hentry"],"yoast_head":"<!-- This site is optimized with the Yoast SEO plugin v27.3 - https:\/\/yoast.com\/product\/yoast-seo-wordpress\/ -->\n<title>Consortium - ECSN Euro Campus Sant\u00e9 Num\u00e9rique<\/title>\n<meta name=\"robots\" content=\"index, follow, max-snippet:-1, max-image-preview:large, max-video-preview:-1\" \/>\n<link rel=\"canonical\" href=\"https:\/\/ecsn-sante-numerique.eu\/index.php\/consortium\/\" \/>\n<meta property=\"og:locale\" content=\"en_US\" \/>\n<meta property=\"og:type\" content=\"article\" \/>\n<meta property=\"og:title\" content=\"Consortium - ECSN Euro Campus Sant\u00e9 Num\u00e9rique\" \/>\n<meta property=\"og:description\" content=\"Universit\u00e9 Sorbonne Paris Nord L\u2019USPN constitue un p\u00f4le majeur d\u2019enseignement et de recherche situ\u00e9 au nord de Paris. D\u00e9ploy\u00e9e sur un territoire \u00e0 la dynamique incontestable qui accueillera les Jeux Olympiques. Elle compte 5 campus, r\u00e9partis sur les deux d\u00e9partements de la Seine-Saint-Denis et du Val d\u2019Oise : Villetaneuse, Bobigny, Saint-Denis, la Plaine Saint-Denis et [&hellip;]\" \/>\n<meta property=\"og:url\" content=\"https:\/\/ecsn-sante-numerique.eu\/index.php\/consortium\/\" \/>\n<meta property=\"og:site_name\" content=\"ECSN Euro Campus Sant\u00e9 Num\u00e9rique\" \/>\n<meta property=\"article:modified_time\" content=\"2024-01-09T15:23:00+00:00\" \/>\n<meta property=\"og:image\" content=\"http:\/\/ecsn-sante-numerique.eu\/wp-content\/uploads\/2024\/01\/LOGOTYPE-Officiel-Universite-Sorbonne-Paris-Nord.png\" \/>\n<meta name=\"twitter:card\" content=\"summary_large_image\" \/>\n<meta name=\"twitter:label1\" content=\"Est. reading time\" \/>\n\t<meta name=\"twitter:data1\" content=\"5 minutes\" \/>\n<script type=\"application\/ld+json\" class=\"yoast-schema-graph\">{\"@context\":\"https:\\\/\\\/schema.org\",\"@graph\":[{\"@type\":\"WebPage\",\"@id\":\"https:\\\/\\\/ecsn-sante-numerique.eu\\\/index.php\\\/consortium\\\/\",\"url\":\"https:\\\/\\\/ecsn-sante-numerique.eu\\\/index.php\\\/consortium\\\/\",\"name\":\"Consortium - ECSN Euro Campus Sant\u00e9 Num\u00e9rique\",\"isPartOf\":{\"@id\":\"https:\\\/\\\/ecsn-sante-numerique.eu\\\/#website\"},\"primaryImageOfPage\":{\"@id\":\"https:\\\/\\\/ecsn-sante-numerique.eu\\\/index.php\\\/consortium\\\/#primaryimage\"},\"image\":{\"@id\":\"https:\\\/\\\/ecsn-sante-numerique.eu\\\/index.php\\\/consortium\\\/#primaryimage\"},\"thumbnailUrl\":\"http:\\\/\\\/ecsn-sante-numerique.eu\\\/wp-content\\\/uploads\\\/2024\\\/01\\\/LOGOTYPE-Officiel-Universite-Sorbonne-Paris-Nord.png\",\"datePublished\":\"2024-01-04T16:43:11+00:00\",\"dateModified\":\"2024-01-09T15:23:00+00:00\",\"breadcrumb\":{\"@id\":\"https:\\\/\\\/ecsn-sante-numerique.eu\\\/index.php\\\/consortium\\\/#breadcrumb\"},\"inLanguage\":\"en-US\",\"potentialAction\":[{\"@type\":\"ReadAction\",\"target\":[\"https:\\\/\\\/ecsn-sante-numerique.eu\\\/index.php\\\/consortium\\\/\"]}]},{\"@type\":\"ImageObject\",\"inLanguage\":\"en-US\",\"@id\":\"https:\\\/\\\/ecsn-sante-numerique.eu\\\/index.php\\\/consortium\\\/#primaryimage\",\"url\":\"https:\\\/\\\/i0.wp.com\\\/ecsn-sante-numerique.eu\\\/wp-content\\\/uploads\\\/2024\\\/01\\\/LOGOTYPE-Officiel-Universite-Sorbonne-Paris-Nord.png?fit=567%2C267&ssl=1\",\"contentUrl\":\"https:\\\/\\\/i0.wp.com\\\/ecsn-sante-numerique.eu\\\/wp-content\\\/uploads\\\/2024\\\/01\\\/LOGOTYPE-Officiel-Universite-Sorbonne-Paris-Nord.png?fit=567%2C267&ssl=1\",\"width\":567,\"height\":267,\"caption\":\"Universit\u00e9 Sorbonne Paris Nord\"},{\"@type\":\"BreadcrumbList\",\"@id\":\"https:\\\/\\\/ecsn-sante-numerique.eu\\\/index.php\\\/consortium\\\/#breadcrumb\",\"itemListElement\":[{\"@type\":\"ListItem\",\"position\":1,\"name\":\"Accueil\",\"item\":\"https:\\\/\\\/ecsn-sante-numerique.eu\\\/\"},{\"@type\":\"ListItem\",\"position\":2,\"name\":\"Consortium\"}]},{\"@type\":\"WebSite\",\"@id\":\"https:\\\/\\\/ecsn-sante-numerique.eu\\\/#website\",\"url\":\"https:\\\/\\\/ecsn-sante-numerique.eu\\\/\",\"name\":\"ECSN Euro Campus Sant\u00e9 Num\u00e9rique\",\"description\":\"La formation interprofessionnelle en Sant\u00e9 Num\u00e9rique\",\"publisher\":{\"@id\":\"https:\\\/\\\/ecsn-sante-numerique.eu\\\/#organization\"},\"potentialAction\":[{\"@type\":\"SearchAction\",\"target\":{\"@type\":\"EntryPoint\",\"urlTemplate\":\"https:\\\/\\\/ecsn-sante-numerique.eu\\\/?s={search_term_string}\"},\"query-input\":{\"@type\":\"PropertyValueSpecification\",\"valueRequired\":true,\"valueName\":\"search_term_string\"}}],\"inLanguage\":\"en-US\"},{\"@type\":\"Organization\",\"@id\":\"https:\\\/\\\/ecsn-sante-numerique.eu\\\/#organization\",\"name\":\"ECSN\",\"alternateName\":\"Sant\u00e9 Num\u00e9rique\",\"url\":\"https:\\\/\\\/ecsn-sante-numerique.eu\\\/\",\"logo\":{\"@type\":\"ImageObject\",\"inLanguage\":\"en-US\",\"@id\":\"https:\\\/\\\/ecsn-sante-numerique.eu\\\/#\\\/schema\\\/logo\\\/image\\\/\",\"url\":\"https:\\\/\\\/i0.wp.com\\\/ecsn-sante-numerique.eu\\\/wp-content\\\/uploads\\\/2023\\\/12\\\/ecsn-logo-180x60px-72dpi.png?fit=180%2C60&ssl=1\",\"contentUrl\":\"https:\\\/\\\/i0.wp.com\\\/ecsn-sante-numerique.eu\\\/wp-content\\\/uploads\\\/2023\\\/12\\\/ecsn-logo-180x60px-72dpi.png?fit=180%2C60&ssl=1\",\"width\":180,\"height\":60,\"caption\":\"ECSN\"},\"image\":{\"@id\":\"https:\\\/\\\/ecsn-sante-numerique.eu\\\/#\\\/schema\\\/logo\\\/image\\\/\"}}]}<\/script>\n<!-- \/ Yoast SEO plugin. -->","yoast_head_json":{"title":"Consortium - ECSN Euro Campus Sant\u00e9 Num\u00e9rique","robots":{"index":"index","follow":"follow","max-snippet":"max-snippet:-1","max-image-preview":"max-image-preview:large","max-video-preview":"max-video-preview:-1"},"canonical":"https:\/\/ecsn-sante-numerique.eu\/index.php\/consortium\/","og_locale":"en_US","og_type":"article","og_title":"Consortium - ECSN Euro Campus Sant\u00e9 Num\u00e9rique","og_description":"Universit\u00e9 Sorbonne Paris Nord L\u2019USPN constitue un p\u00f4le majeur d\u2019enseignement et de recherche situ\u00e9 au nord de Paris. D\u00e9ploy\u00e9e sur un territoire \u00e0 la dynamique incontestable qui accueillera les Jeux Olympiques. Elle compte 5 campus, r\u00e9partis sur les deux d\u00e9partements de la Seine-Saint-Denis et du Val d\u2019Oise : Villetaneuse, Bobigny, Saint-Denis, la Plaine Saint-Denis et [&hellip;]","og_url":"https:\/\/ecsn-sante-numerique.eu\/index.php\/consortium\/","og_site_name":"ECSN Euro Campus Sant\u00e9 Num\u00e9rique","article_modified_time":"2024-01-09T15:23:00+00:00","og_image":[{"url":"http:\/\/ecsn-sante-numerique.eu\/wp-content\/uploads\/2024\/01\/LOGOTYPE-Officiel-Universite-Sorbonne-Paris-Nord.png","type":"","width":"","height":""}],"twitter_card":"summary_large_image","twitter_misc":{"Est. reading time":"5 minutes"},"schema":{"@context":"https:\/\/schema.org","@graph":[{"@type":"WebPage","@id":"https:\/\/ecsn-sante-numerique.eu\/index.php\/consortium\/","url":"https:\/\/ecsn-sante-numerique.eu\/index.php\/consortium\/","name":"Consortium - ECSN Euro Campus Sant\u00e9 Num\u00e9rique","isPartOf":{"@id":"https:\/\/ecsn-sante-numerique.eu\/#website"},"primaryImageOfPage":{"@id":"https:\/\/ecsn-sante-numerique.eu\/index.php\/consortium\/#primaryimage"},"image":{"@id":"https:\/\/ecsn-sante-numerique.eu\/index.php\/consortium\/#primaryimage"},"thumbnailUrl":"http:\/\/ecsn-sante-numerique.eu\/wp-content\/uploads\/2024\/01\/LOGOTYPE-Officiel-Universite-Sorbonne-Paris-Nord.png","datePublished":"2024-01-04T16:43:11+00:00","dateModified":"2024-01-09T15:23:00+00:00","breadcrumb":{"@id":"https:\/\/ecsn-sante-numerique.eu\/index.php\/consortium\/#breadcrumb"},"inLanguage":"en-US","potentialAction":[{"@type":"ReadAction","target":["https:\/\/ecsn-sante-numerique.eu\/index.php\/consortium\/"]}]},{"@type":"ImageObject","inLanguage":"en-US","@id":"https:\/\/ecsn-sante-numerique.eu\/index.php\/consortium\/#primaryimage","url":"https:\/\/i0.wp.com\/ecsn-sante-numerique.eu\/wp-content\/uploads\/2024\/01\/LOGOTYPE-Officiel-Universite-Sorbonne-Paris-Nord.png?fit=567%2C267&ssl=1","contentUrl":"https:\/\/i0.wp.com\/ecsn-sante-numerique.eu\/wp-content\/uploads\/2024\/01\/LOGOTYPE-Officiel-Universite-Sorbonne-Paris-Nord.png?fit=567%2C267&ssl=1","width":567,"height":267,"caption":"Universit\u00e9 Sorbonne Paris Nord"},{"@type":"BreadcrumbList","@id":"https:\/\/ecsn-sante-numerique.eu\/index.php\/consortium\/#breadcrumb","itemListElement":[{"@type":"ListItem","position":1,"name":"Accueil","item":"https:\/\/ecsn-sante-numerique.eu\/"},{"@type":"ListItem","position":2,"name":"Consortium"}]},{"@type":"WebSite","@id":"https:\/\/ecsn-sante-numerique.eu\/#website","url":"https:\/\/ecsn-sante-numerique.eu\/","name":"ECSN Euro Campus Sant\u00e9 Num\u00e9rique","description":"La formation interprofessionnelle en Sant\u00e9 Num\u00e9rique","publisher":{"@id":"https:\/\/ecsn-sante-numerique.eu\/#organization"},"potentialAction":[{"@type":"SearchAction","target":{"@type":"EntryPoint","urlTemplate":"https:\/\/ecsn-sante-numerique.eu\/?s={search_term_string}"},"query-input":{"@type":"PropertyValueSpecification","valueRequired":true,"valueName":"search_term_string"}}],"inLanguage":"en-US"},{"@type":"Organization","@id":"https:\/\/ecsn-sante-numerique.eu\/#organization","name":"ECSN","alternateName":"Sant\u00e9 Num\u00e9rique","url":"https:\/\/ecsn-sante-numerique.eu\/","logo":{"@type":"ImageObject","inLanguage":"en-US","@id":"https:\/\/ecsn-sante-numerique.eu\/#\/schema\/logo\/image\/","url":"https:\/\/i0.wp.com\/ecsn-sante-numerique.eu\/wp-content\/uploads\/2023\/12\/ecsn-logo-180x60px-72dpi.png?fit=180%2C60&ssl=1","contentUrl":"https:\/\/i0.wp.com\/ecsn-sante-numerique.eu\/wp-content\/uploads\/2023\/12\/ecsn-logo-180x60px-72dpi.png?fit=180%2C60&ssl=1","width":180,"height":60,"caption":"ECSN"},"image":{"@id":"https:\/\/ecsn-sante-numerique.eu\/#\/schema\/logo\/image\/"}}]}},"jetpack_sharing_enabled":true,"_links":{"self":[{"href":"https:\/\/ecsn-sante-numerique.eu\/index.php\/wp-json\/wp\/v2\/pages\/117","targetHints":{"allow":["GET"]}}],"collection":[{"href":"https:\/\/ecsn-sante-numerique.eu\/index.php\/wp-json\/wp\/v2\/pages"}],"about":[{"href":"https:\/\/ecsn-sante-numerique.eu\/index.php\/wp-json\/wp\/v2\/types\/page"}],"author":[{"embeddable":true,"href":"https:\/\/ecsn-sante-numerique.eu\/index.php\/wp-json\/wp\/v2\/users\/1"}],"replies":[{"embeddable":true,"href":"https:\/\/ecsn-sante-numerique.eu\/index.php\/wp-json\/wp\/v2\/comments?post=117"}],"version-history":[{"count":16,"href":"https:\/\/ecsn-sante-numerique.eu\/index.php\/wp-json\/wp\/v2\/pages\/117\/revisions"}],"predecessor-version":[{"id":256,"href":"https:\/\/ecsn-sante-numerique.eu\/index.php\/wp-json\/wp\/v2\/pages\/117\/revisions\/256"}],"wp:attachment":[{"href":"https:\/\/ecsn-sante-numerique.eu\/index.php\/wp-json\/wp\/v2\/media?parent=117"}],"curies":[{"name":"wp","href":"https:\/\/api.w.org\/{rel}","templated":true}]}}