{"id":115,"date":"2024-01-04T17:42:34","date_gmt":"2024-01-04T16:42:34","guid":{"rendered":"https:\/\/ecsn-sante-numerique.eu\/?page_id=115"},"modified":"2024-01-09T16:13:08","modified_gmt":"2024-01-09T15:13:08","slug":"presentation","status":"publish","type":"page","link":"https:\/\/ecsn-sante-numerique.eu\/index.php\/presentation\/","title":{"rendered":"Pr\u00e9sentation"},"content":{"rendered":"\n<div class=\"wp-block-cover alignfull\"><span aria-hidden=\"true\" class=\"wp-block-cover__background has-background-dim-100 has-background-dim has-background-gradient has-blush-light-purple-gradient-background\"><\/span><div class=\"wp-block-cover__inner-container is-layout-flow wp-block-cover-is-layout-flow\">\n<div class=\"wp-block-columns is-layout-flex wp-container-core-columns-is-layout-28f84493 wp-block-columns-is-layout-flex\">\n<div class=\"wp-block-column is-layout-flow wp-block-column-is-layout-flow\">\n<h2 class=\"wp-block-heading has-text-color has-link-color wp-elements-0beb1679b5c86249a2b28a284ab1caf2\" style=\"color:#70508a\">Pr\u00e9sentation<\/h2>\n\n\n\n<p class=\"has-text-color has-link-color wp-elements-f1fc42bc4dbd411d9d6dfd5f88714a5c\" style=\"color:#70508a\">Le projet ECSN s\u2019inscrit dans la priorit\u00e9 2030 \u00ab Sant\u00e9 Num\u00e9rique \u00bb, dans l\u2019axe 1 de la strat\u00e9gie d\u2019acc\u00e9l\u00e9ration \u00ab Sant\u00e9 num\u00e9rique \u00bb pour donner aux professionnels de sant\u00e9 et m\u00e9dico-sociaux une formation en Sant\u00e9 Num\u00e9rique leur permettant de r\u00e9pondre efficacement \u00e0 la digitalisation de leur exercice, et dans l\u2019action 1 de l\u2019Appel \u00e0 Manifestation d\u2019Int\u00e9r\u00eat pour d\u00e9velopper une offre de formation professionnelle initiale et continue en sant\u00e9 num\u00e9rique pour les professionnels de sant\u00e9 et m\u00e9dico-sociaux.<\/p>\n<\/div>\n\n\n\n<div class=\"wp-block-column is-layout-flow wp-block-column-is-layout-flow\">\n<figure class=\"wp-block-image size-large\"><img data-recalc-dims=\"1\" fetchpriority=\"high\" decoding=\"async\" width=\"1024\" height=\"907\" src=\"https:\/\/i0.wp.com\/ecsn-sante-numerique.eu\/wp-content\/uploads\/2024\/01\/ecsn-logo-bulles-referentiel-3-1.png?resize=1024%2C907\" alt=\"ECSN Euro Campus Sant\u00e9 Num\u00e9rique\" class=\"wp-image-162\" srcset=\"https:\/\/i0.wp.com\/ecsn-sante-numerique.eu\/wp-content\/uploads\/2024\/01\/ecsn-logo-bulles-referentiel-3-1.png?resize=1024%2C907&amp;ssl=1 1024w, https:\/\/i0.wp.com\/ecsn-sante-numerique.eu\/wp-content\/uploads\/2024\/01\/ecsn-logo-bulles-referentiel-3-1.png?resize=300%2C266&amp;ssl=1 300w, https:\/\/i0.wp.com\/ecsn-sante-numerique.eu\/wp-content\/uploads\/2024\/01\/ecsn-logo-bulles-referentiel-3-1.png?resize=768%2C680&amp;ssl=1 768w, https:\/\/i0.wp.com\/ecsn-sante-numerique.eu\/wp-content\/uploads\/2024\/01\/ecsn-logo-bulles-referentiel-3-1.png?w=1500&amp;ssl=1 1500w\" sizes=\"(max-width: 1000px) 100vw, 1000px\" \/><\/figure>\n<\/div>\n<\/div>\n<\/div><\/div>\n\n\n\n<div class=\"wp-block-columns is-layout-flex wp-container-core-columns-is-layout-28f84493 wp-block-columns-is-layout-flex\">\n<div class=\"wp-block-column is-layout-flow wp-block-column-is-layout-flow\">\n<p><strong>Euro Campus Sant\u00e9 Num\u00e9rique (ECSN), une r\u00e9ponse au besoin de formation des professionnels de sant\u00e9 face \u00e0 la digitalisation de leur exercice.<\/strong><\/p>\n\n\n\n<p><br>Le projet de formation ECSN est une formation en sant\u00e9 num\u00e9rique \u00e0 destination des \u00e9tudiants et professionnels de sant\u00e9. Son objectif consiste \u00e0 d\u00e9ployer une p\u00e9dagogie innovante et hybride pour rendre les apprenants autonomes sur les outils qui constitueront leur environnement de travail de demain. <\/p>\n\n\n\n<p><\/p>\n<\/div>\n\n\n\n<div class=\"wp-block-column is-layout-flow wp-block-column-is-layout-flow\">\n<p>A l\u2019issue de cette formation, les futurs professionnels de sant\u00e9 auront les cl\u00e9s pour \u00eatre vigilants et critiques sur les nouveaux dispositifs en sant\u00e9 num\u00e9rique.<\/p>\n\n\n\n<p>La formation vise \u00e0 favoriser l\u2019acquisition de comp\u00e9tences pour promouvoir l\u2019inclusion en sant\u00e9 num\u00e9rique pour que les \u00e9tudiants et professionnels de sant\u00e9 utilisent des outils d\u00e9di\u00e9s \u00e0 la m\u00e9diation et aident les patients \u00e0 poss\u00e9der une litt\u00e9ratie en num\u00e9rique, ceci afin d\u2019am\u00e9liorer la prise en charge coordonn\u00e9e des patients des territoires de l\u2019Est francilien, en particulier.<\/p>\n<\/div>\n<\/div>\n","protected":false},"excerpt":{"rendered":"<p>Euro Campus Sant\u00e9 Num\u00e9rique (ECSN), une r\u00e9ponse au besoin de formation des professionnels de sant\u00e9 face \u00e0 la digitalisation de leur exercice. Le projet de formation ECSN est une formation en sant\u00e9 num\u00e9rique \u00e0 destination des \u00e9tudiants et professionnels de sant\u00e9. Son objectif consiste \u00e0 d\u00e9ployer une p\u00e9dagogie innovante et hybride pour rendre les apprenants [&hellip;]<\/p>\n","protected":false},"author":1,"featured_media":0,"parent":0,"menu_order":0,"comment_status":"closed","ping_status":"closed","template":"","meta":{"site-sidebar-layout":"default","site-content-layout":"","ast-site-content-layout":"default","site-content-style":"default","site-sidebar-style":"default","ast-global-header-display":"","ast-banner-title-visibility":"","ast-main-header-display":"","ast-hfb-above-header-display":"","ast-hfb-below-header-display":"","ast-hfb-mobile-header-display":"","site-post-title":"disabled","ast-breadcrumbs-content":"","ast-featured-img":"","footer-sml-layout":"","ast-disable-related-posts":"","theme-transparent-header-meta":"","adv-header-id-meta":"","stick-header-meta":"","header-above-stick-meta":"","header-main-stick-meta":"","header-below-stick-meta":"","astra-migrate-meta-layouts":"default","ast-page-background-enabled":"default","ast-page-background-meta":{"desktop":{"background-color":"var(--ast-global-color-4)","background-image":"","background-repeat":"repeat","background-position":"center center","background-size":"auto","background-attachment":"scroll","background-type":"","background-media":"","overlay-type":"","overlay-color":"","overlay-opacity":"","overlay-gradient":""},"tablet":{"background-color":"","background-image":"","background-repeat":"repeat","background-position":"center center","background-size":"auto","background-attachment":"scroll","background-type":"","background-media":"","overlay-type":"","overlay-color":"","overlay-opacity":"","overlay-gradient":""},"mobile":{"background-color":"","background-image":"","background-repeat":"repeat","background-position":"center center","background-size":"auto","background-attachment":"scroll","background-type":"","background-media":"","overlay-type":"","overlay-color":"","overlay-opacity":"","overlay-gradient":""}},"ast-content-background-meta":{"desktop":{"background-color":"var(--ast-global-color-5)","background-image":"","background-repeat":"repeat","background-position":"center center","background-size":"auto","background-attachment":"scroll","background-type":"","background-media":"","overlay-type":"","overlay-color":"","overlay-opacity":"","overlay-gradient":""},"tablet":{"background-color":"var(--ast-global-color-5)","background-image":"","background-repeat":"repeat","background-position":"center center","background-size":"auto","background-attachment":"scroll","background-type":"","background-media":"","overlay-type":"","overlay-color":"","overlay-opacity":"","overlay-gradient":""},"mobile":{"background-color":"var(--ast-global-color-5)","background-image":"","background-repeat":"repeat","background-position":"center center","background-size":"auto","background-attachment":"scroll","background-type":"","background-media":"","overlay-type":"","overlay-color":"","overlay-opacity":"","overlay-gradient":""}},"footnotes":""},"class_list":["post-115","page","type-page","status-publish","hentry"],"yoast_head":"<!-- This site is optimized with the Yoast SEO plugin v27.3 - https:\/\/yoast.com\/product\/yoast-seo-wordpress\/ -->\n<title>Pr\u00e9sentation - ECSN Euro Campus Sant\u00e9 Num\u00e9rique<\/title>\n<meta name=\"robots\" content=\"index, follow, max-snippet:-1, max-image-preview:large, max-video-preview:-1\" \/>\n<link rel=\"canonical\" href=\"https:\/\/ecsn-sante-numerique.eu\/index.php\/presentation\/\" \/>\n<meta property=\"og:locale\" content=\"en_US\" \/>\n<meta property=\"og:type\" content=\"article\" \/>\n<meta property=\"og:title\" content=\"Pr\u00e9sentation - ECSN Euro Campus Sant\u00e9 Num\u00e9rique\" \/>\n<meta property=\"og:description\" content=\"Euro Campus Sant\u00e9 Num\u00e9rique (ECSN), une r\u00e9ponse au besoin de formation des professionnels de sant\u00e9 face \u00e0 la digitalisation de leur exercice. Le projet de formation ECSN est une formation en sant\u00e9 num\u00e9rique \u00e0 destination des \u00e9tudiants et professionnels de sant\u00e9. Son objectif consiste \u00e0 d\u00e9ployer une p\u00e9dagogie innovante et hybride pour rendre les apprenants [&hellip;]\" \/>\n<meta property=\"og:url\" content=\"https:\/\/ecsn-sante-numerique.eu\/index.php\/presentation\/\" \/>\n<meta property=\"og:site_name\" content=\"ECSN Euro Campus Sant\u00e9 Num\u00e9rique\" \/>\n<meta property=\"article:modified_time\" content=\"2024-01-09T15:13:08+00:00\" \/>\n<meta property=\"og:image\" content=\"http:\/\/ecsn-sante-numerique.eu\/wp-content\/uploads\/2024\/01\/ecsn-logo-bulles-referentiel-3-1-1024x907.png\" \/>\n<meta name=\"twitter:card\" content=\"summary_large_image\" \/>\n<meta name=\"twitter:label1\" content=\"Est. reading time\" \/>\n\t<meta name=\"twitter:data1\" content=\"1 minute\" \/>\n<script type=\"application\/ld+json\" class=\"yoast-schema-graph\">{\"@context\":\"https:\\\/\\\/schema.org\",\"@graph\":[{\"@type\":\"WebPage\",\"@id\":\"https:\\\/\\\/ecsn-sante-numerique.eu\\\/index.php\\\/presentation\\\/\",\"url\":\"https:\\\/\\\/ecsn-sante-numerique.eu\\\/index.php\\\/presentation\\\/\",\"name\":\"Pr\u00e9sentation - ECSN Euro Campus Sant\u00e9 Num\u00e9rique\",\"isPartOf\":{\"@id\":\"https:\\\/\\\/ecsn-sante-numerique.eu\\\/#website\"},\"primaryImageOfPage\":{\"@id\":\"https:\\\/\\\/ecsn-sante-numerique.eu\\\/index.php\\\/presentation\\\/#primaryimage\"},\"image\":{\"@id\":\"https:\\\/\\\/ecsn-sante-numerique.eu\\\/index.php\\\/presentation\\\/#primaryimage\"},\"thumbnailUrl\":\"http:\\\/\\\/ecsn-sante-numerique.eu\\\/wp-content\\\/uploads\\\/2024\\\/01\\\/ecsn-logo-bulles-referentiel-3-1-1024x907.png\",\"datePublished\":\"2024-01-04T16:42:34+00:00\",\"dateModified\":\"2024-01-09T15:13:08+00:00\",\"breadcrumb\":{\"@id\":\"https:\\\/\\\/ecsn-sante-numerique.eu\\\/index.php\\\/presentation\\\/#breadcrumb\"},\"inLanguage\":\"en-US\",\"potentialAction\":[{\"@type\":\"ReadAction\",\"target\":[\"https:\\\/\\\/ecsn-sante-numerique.eu\\\/index.php\\\/presentation\\\/\"]}]},{\"@type\":\"ImageObject\",\"inLanguage\":\"en-US\",\"@id\":\"https:\\\/\\\/ecsn-sante-numerique.eu\\\/index.php\\\/presentation\\\/#primaryimage\",\"url\":\"https:\\\/\\\/i0.wp.com\\\/ecsn-sante-numerique.eu\\\/wp-content\\\/uploads\\\/2024\\\/01\\\/ecsn-logo-bulles-referentiel-3-1.png?fit=1500%2C1328&ssl=1\",\"contentUrl\":\"https:\\\/\\\/i0.wp.com\\\/ecsn-sante-numerique.eu\\\/wp-content\\\/uploads\\\/2024\\\/01\\\/ecsn-logo-bulles-referentiel-3-1.png?fit=1500%2C1328&ssl=1\",\"width\":1500,\"height\":1328,\"caption\":\"ECSN Euro Campus Sant\u00e9 Num\u00e9rique\"},{\"@type\":\"BreadcrumbList\",\"@id\":\"https:\\\/\\\/ecsn-sante-numerique.eu\\\/index.php\\\/presentation\\\/#breadcrumb\",\"itemListElement\":[{\"@type\":\"ListItem\",\"position\":1,\"name\":\"Accueil\",\"item\":\"https:\\\/\\\/ecsn-sante-numerique.eu\\\/\"},{\"@type\":\"ListItem\",\"position\":2,\"name\":\"Pr\u00e9sentation\"}]},{\"@type\":\"WebSite\",\"@id\":\"https:\\\/\\\/ecsn-sante-numerique.eu\\\/#website\",\"url\":\"https:\\\/\\\/ecsn-sante-numerique.eu\\\/\",\"name\":\"ECSN Euro Campus Sant\u00e9 Num\u00e9rique\",\"description\":\"La formation interprofessionnelle en Sant\u00e9 Num\u00e9rique\",\"publisher\":{\"@id\":\"https:\\\/\\\/ecsn-sante-numerique.eu\\\/#organization\"},\"potentialAction\":[{\"@type\":\"SearchAction\",\"target\":{\"@type\":\"EntryPoint\",\"urlTemplate\":\"https:\\\/\\\/ecsn-sante-numerique.eu\\\/?s={search_term_string}\"},\"query-input\":{\"@type\":\"PropertyValueSpecification\",\"valueRequired\":true,\"valueName\":\"search_term_string\"}}],\"inLanguage\":\"en-US\"},{\"@type\":\"Organization\",\"@id\":\"https:\\\/\\\/ecsn-sante-numerique.eu\\\/#organization\",\"name\":\"ECSN\",\"alternateName\":\"Sant\u00e9 Num\u00e9rique\",\"url\":\"https:\\\/\\\/ecsn-sante-numerique.eu\\\/\",\"logo\":{\"@type\":\"ImageObject\",\"inLanguage\":\"en-US\",\"@id\":\"https:\\\/\\\/ecsn-sante-numerique.eu\\\/#\\\/schema\\\/logo\\\/image\\\/\",\"url\":\"https:\\\/\\\/i0.wp.com\\\/ecsn-sante-numerique.eu\\\/wp-content\\\/uploads\\\/2023\\\/12\\\/ecsn-logo-180x60px-72dpi.png?fit=180%2C60&ssl=1\",\"contentUrl\":\"https:\\\/\\\/i0.wp.com\\\/ecsn-sante-numerique.eu\\\/wp-content\\\/uploads\\\/2023\\\/12\\\/ecsn-logo-180x60px-72dpi.png?fit=180%2C60&ssl=1\",\"width\":180,\"height\":60,\"caption\":\"ECSN\"},\"image\":{\"@id\":\"https:\\\/\\\/ecsn-sante-numerique.eu\\\/#\\\/schema\\\/logo\\\/image\\\/\"}}]}<\/script>\n<!-- \/ Yoast SEO plugin. -->","yoast_head_json":{"title":"Pr\u00e9sentation - ECSN Euro Campus Sant\u00e9 Num\u00e9rique","robots":{"index":"index","follow":"follow","max-snippet":"max-snippet:-1","max-image-preview":"max-image-preview:large","max-video-preview":"max-video-preview:-1"},"canonical":"https:\/\/ecsn-sante-numerique.eu\/index.php\/presentation\/","og_locale":"en_US","og_type":"article","og_title":"Pr\u00e9sentation - ECSN Euro Campus Sant\u00e9 Num\u00e9rique","og_description":"Euro Campus Sant\u00e9 Num\u00e9rique (ECSN), une r\u00e9ponse au besoin de formation des professionnels de sant\u00e9 face \u00e0 la digitalisation de leur exercice. Le projet de formation ECSN est une formation en sant\u00e9 num\u00e9rique \u00e0 destination des \u00e9tudiants et professionnels de sant\u00e9. Son objectif consiste \u00e0 d\u00e9ployer une p\u00e9dagogie innovante et hybride pour rendre les apprenants [&hellip;]","og_url":"https:\/\/ecsn-sante-numerique.eu\/index.php\/presentation\/","og_site_name":"ECSN Euro Campus Sant\u00e9 Num\u00e9rique","article_modified_time":"2024-01-09T15:13:08+00:00","og_image":[{"url":"http:\/\/ecsn-sante-numerique.eu\/wp-content\/uploads\/2024\/01\/ecsn-logo-bulles-referentiel-3-1-1024x907.png","type":"","width":"","height":""}],"twitter_card":"summary_large_image","twitter_misc":{"Est. reading time":"1 minute"},"schema":{"@context":"https:\/\/schema.org","@graph":[{"@type":"WebPage","@id":"https:\/\/ecsn-sante-numerique.eu\/index.php\/presentation\/","url":"https:\/\/ecsn-sante-numerique.eu\/index.php\/presentation\/","name":"Pr\u00e9sentation - ECSN Euro Campus Sant\u00e9 Num\u00e9rique","isPartOf":{"@id":"https:\/\/ecsn-sante-numerique.eu\/#website"},"primaryImageOfPage":{"@id":"https:\/\/ecsn-sante-numerique.eu\/index.php\/presentation\/#primaryimage"},"image":{"@id":"https:\/\/ecsn-sante-numerique.eu\/index.php\/presentation\/#primaryimage"},"thumbnailUrl":"http:\/\/ecsn-sante-numerique.eu\/wp-content\/uploads\/2024\/01\/ecsn-logo-bulles-referentiel-3-1-1024x907.png","datePublished":"2024-01-04T16:42:34+00:00","dateModified":"2024-01-09T15:13:08+00:00","breadcrumb":{"@id":"https:\/\/ecsn-sante-numerique.eu\/index.php\/presentation\/#breadcrumb"},"inLanguage":"en-US","potentialAction":[{"@type":"ReadAction","target":["https:\/\/ecsn-sante-numerique.eu\/index.php\/presentation\/"]}]},{"@type":"ImageObject","inLanguage":"en-US","@id":"https:\/\/ecsn-sante-numerique.eu\/index.php\/presentation\/#primaryimage","url":"https:\/\/i0.wp.com\/ecsn-sante-numerique.eu\/wp-content\/uploads\/2024\/01\/ecsn-logo-bulles-referentiel-3-1.png?fit=1500%2C1328&ssl=1","contentUrl":"https:\/\/i0.wp.com\/ecsn-sante-numerique.eu\/wp-content\/uploads\/2024\/01\/ecsn-logo-bulles-referentiel-3-1.png?fit=1500%2C1328&ssl=1","width":1500,"height":1328,"caption":"ECSN Euro Campus Sant\u00e9 Num\u00e9rique"},{"@type":"BreadcrumbList","@id":"https:\/\/ecsn-sante-numerique.eu\/index.php\/presentation\/#breadcrumb","itemListElement":[{"@type":"ListItem","position":1,"name":"Accueil","item":"https:\/\/ecsn-sante-numerique.eu\/"},{"@type":"ListItem","position":2,"name":"Pr\u00e9sentation"}]},{"@type":"WebSite","@id":"https:\/\/ecsn-sante-numerique.eu\/#website","url":"https:\/\/ecsn-sante-numerique.eu\/","name":"ECSN Euro Campus Sant\u00e9 Num\u00e9rique","description":"La formation interprofessionnelle en Sant\u00e9 Num\u00e9rique","publisher":{"@id":"https:\/\/ecsn-sante-numerique.eu\/#organization"},"potentialAction":[{"@type":"SearchAction","target":{"@type":"EntryPoint","urlTemplate":"https:\/\/ecsn-sante-numerique.eu\/?s={search_term_string}"},"query-input":{"@type":"PropertyValueSpecification","valueRequired":true,"valueName":"search_term_string"}}],"inLanguage":"en-US"},{"@type":"Organization","@id":"https:\/\/ecsn-sante-numerique.eu\/#organization","name":"ECSN","alternateName":"Sant\u00e9 Num\u00e9rique","url":"https:\/\/ecsn-sante-numerique.eu\/","logo":{"@type":"ImageObject","inLanguage":"en-US","@id":"https:\/\/ecsn-sante-numerique.eu\/#\/schema\/logo\/image\/","url":"https:\/\/i0.wp.com\/ecsn-sante-numerique.eu\/wp-content\/uploads\/2023\/12\/ecsn-logo-180x60px-72dpi.png?fit=180%2C60&ssl=1","contentUrl":"https:\/\/i0.wp.com\/ecsn-sante-numerique.eu\/wp-content\/uploads\/2023\/12\/ecsn-logo-180x60px-72dpi.png?fit=180%2C60&ssl=1","width":180,"height":60,"caption":"ECSN"},"image":{"@id":"https:\/\/ecsn-sante-numerique.eu\/#\/schema\/logo\/image\/"}}]}},"jetpack_sharing_enabled":true,"_links":{"self":[{"href":"https:\/\/ecsn-sante-numerique.eu\/index.php\/wp-json\/wp\/v2\/pages\/115","targetHints":{"allow":["GET"]}}],"collection":[{"href":"https:\/\/ecsn-sante-numerique.eu\/index.php\/wp-json\/wp\/v2\/pages"}],"about":[{"href":"https:\/\/ecsn-sante-numerique.eu\/index.php\/wp-json\/wp\/v2\/types\/page"}],"author":[{"embeddable":true,"href":"https:\/\/ecsn-sante-numerique.eu\/index.php\/wp-json\/wp\/v2\/users\/1"}],"replies":[{"embeddable":true,"href":"https:\/\/ecsn-sante-numerique.eu\/index.php\/wp-json\/wp\/v2\/comments?post=115"}],"version-history":[{"count":7,"href":"https:\/\/ecsn-sante-numerique.eu\/index.php\/wp-json\/wp\/v2\/pages\/115\/revisions"}],"predecessor-version":[{"id":252,"href":"https:\/\/ecsn-sante-numerique.eu\/index.php\/wp-json\/wp\/v2\/pages\/115\/revisions\/252"}],"wp:attachment":[{"href":"https:\/\/ecsn-sante-numerique.eu\/index.php\/wp-json\/wp\/v2\/media?parent=115"}],"curies":[{"name":"wp","href":"https:\/\/api.w.org\/{rel}","templated":true}]}}